{"id":31677,"date":"2022-11-20T01:17:02","date_gmt":"2022-11-20T00:17:02","guid":{"rendered":"https:\/\/old.timeforyou.io\/galeries-des-charmes\/erleben-sie-ein-erotisches-escort-date-in-zuerich-mit-unserer-jungen-schweizerin-carolina\/"},"modified":"2023-05-16T17:46:26","modified_gmt":"2023-05-16T15:46:26","slug":"escorts","status":"publish","type":"product","link":"https:\/\/old.timeforyou.io\/de\/galeries-des-charmes\/escorts\/","title":{"rendered":"Erleben Sie ein erotisches Escort Date in Z\u00fcrich mit unserer jungen Schweizerin Carolina"},"content":{"rendered":"<p>High Class Escort Lady Carolina von Joy Escort Z\u00fcrich hat eine jugendliche und frische Einstellung. Sie ist sehr abenteuerlustig und unternehmungslustig. Mit Carolina k\u00f6nnen Sie einen erf\u00fcllten Tag verbringen. Wie w\u00e4re es mit einem Einkaufsbummel oder einem Spaziergang? Unsere VIP-Begleiterin Carolina ist f\u00fcr alle Aktivit\u00e4ten bereit.<br \/>\nAuch in Sachen Vergn\u00fcgen wei\u00df Carolina aus Z\u00fcrich genau, was zu tun ist. Sie k\u00f6nnen jederzeit ein k\u00f6stliches Abendessen mit dieser Genie\u00dferin genie\u00dfen und sich selbst verw\u00f6hnen. Sie steht auch immer f\u00fcr einen leckeren Cocktail zur Verf\u00fcgung. Wenn Sie sich nach sinnlichen Ber\u00fchrungen und leidenschaftlichen Stunden sehnen, ist die Escort Lady Carolina aus Z\u00fcrich die ideale Begleiterin f\u00fcr Sie.<br \/>\nLassen Sie sich fallen und geben Sie sich erotischen Spielen hin. Unsere erstklassige Escortdame Carolina verw\u00f6hnt Sie nach allen Regeln der Kunst. Sind Sie gerne aktiv und dominant? Dann f\u00fcgt sich Carolina in ihre Rolle und gibt Ihnen die Z\u00fcgel in die Hand. Egal, welche Fantasien Sie schon immer ausleben wollten &#8211; mit Carolina von Joy Escort Z\u00fcrich erleben Sie garantiert die pure Ekstase.<\/p>\n","protected":false},"excerpt":{"rendered":"<p>High Class Escort Lady Carolina von Joy Escort Z\u00fcrich hat eine jugendliche und frische Einstellung. Sie ist sehr abenteuerlustig und unternehmungslustig. Mit Carolina k\u00f6nnen Sie einen erf\u00fcllten Tag verbringen. Wie w\u00e4re es mit einem Einkaufsbummel oder einem Spaziergang? Unsere VIP-Begleiterin Carolina ist f\u00fcr alle Aktivit\u00e4ten bereit.<\/p>\n","protected":false},"featured_media":29711,"template":"","meta":{"inline_featured_image":false},"product_brand":[],"product_cat":[169],"product_tag":[170],"class_list":{"0":"post-31677","1":"product","2":"type-product","3":"status-publish","4":"has-post-thumbnail","6":"product_cat-hostessen","7":"product_tag-verfugbar-in-lausanne","9":"first","10":"instock","11":"featured","12":"taxable","13":"shipping-taxable","14":"product-type-external"},"_links":{"self":[{"href":"https:\/\/old.timeforyou.io\/de\/wp-json\/wp\/v2\/product\/31677","targetHints":{"allow":["GET"]}}],"collection":[{"href":"https:\/\/old.timeforyou.io\/de\/wp-json\/wp\/v2\/product"}],"about":[{"href":"https:\/\/old.timeforyou.io\/de\/wp-json\/wp\/v2\/types\/product"}],"wp:featuredmedia":[{"embeddable":true,"href":"https:\/\/old.timeforyou.io\/de\/wp-json\/wp\/v2\/media\/29711"}],"wp:attachment":[{"href":"https:\/\/old.timeforyou.io\/de\/wp-json\/wp\/v2\/media?parent=31677"}],"wp:term":[{"taxonomy":"product_brand","embeddable":true,"href":"https:\/\/old.timeforyou.io\/de\/wp-json\/wp\/v2\/product_brand?post=31677"},{"taxonomy":"product_cat","embeddable":true,"href":"https:\/\/old.timeforyou.io\/de\/wp-json\/wp\/v2\/product_cat?post=31677"},{"taxonomy":"product_tag","embeddable":true,"href":"https:\/\/old.timeforyou.io\/de\/wp-json\/wp\/v2\/product_tag?post=31677"}],"curies":[{"name":"wp","href":"https:\/\/api.w.org\/{rel}","templated":true}]}}