{"id":31814,"date":"2023-05-11T19:15:04","date_gmt":"2023-05-11T17:15:04","guid":{"rendered":"https:\/\/old.timeforyou.io\/galeries-des-charmes\/emanuela\/"},"modified":"2023-05-15T14:15:25","modified_gmt":"2023-05-15T12:15:25","slug":"emanuela","status":"publish","type":"product","link":"https:\/\/old.timeforyou.io\/de\/galeries-des-charmes\/emanuela\/","title":{"rendered":"Emanuela"},"content":{"rendered":"<p>Sehr geehrte Herren, darf ich Ihnen Emanuela vorstellen, das Escort-Topmodel aus unserem VIP-Profil.<\/p>\n<p>Sie ist nur an den luxuri\u00f6sesten Orten erh\u00e4ltlich: in F\u00fcnf-Sterne-Hotels, vornehmen Wohnsitzen, angesagten Bars und feinen Restaurants.<\/p>\n<p>Verlieren Sie keine Zeit, pr\u00fcfen Sie die Preise, bevor Sie sie kontaktieren, und stellen Sie sicher, dass Sie sich dieses einzigartige Erlebnis leisten k\u00f6nnen. Wir suchen nicht nach Quantit\u00e4t, sondern nach Qualit\u00e4t. Wir treffen nur auf m\u00e4chtige, erfolgreiche und wohlhabende Gentlemen.<\/p>\n<p>Kleine Spieler haben hier keinen Platz! Emanuela ist ein High-End-M\u00e4dchen, das ein unvergessliches Freundinnenerlebnis (GFE) bietet. Sie ist auch das Leben der Party und immer f\u00fcr einen Spa\u00df zu haben.<\/p>\n<p>Sie ist sportlich und aktiv, geht regelm\u00e4\u00dfig ins Fitnessstudio und genie\u00dft lange Spazierg\u00e4nge in den Parks.<\/p>\n<p>Sie ist au\u00dferdem eine leidenschaftliche Film- und Literaturliebhaberin. In ihrer Freizeit widmet sie sich der Malerei oder der Entdeckung neuer kulinarischer Gen\u00fcsse.<\/p>\n<p>Emanuela zu treffen ist ein unvergessliches Erlebnis, das Ihnen echte Freude bereiten wird. Vereinbaren Sie mindestens 3-5 Stunden vorher einen Termin, indem Sie ihm eine WhatsApp-Nachricht mit einer kurzen Vorstellung von sich selbst schicken. XXX<\/p>\n\t<div id=\"gap-1651431210\" class=\"gap-element clearfix\" style=\"display:block; height:auto;\">\n\t\t\n<style>\n#gap-1651431210 {\n  padding-top: 30px;\n}\n<\/style>\n\t<\/div>\n\t\n\n<div class=\"row\"  id=\"row-1882578582\">\n\n\n\t<div id=\"col-1608842152\" class=\"col medium-6 small-12 large-6\"  >\n\t\t\t\t<div class=\"col-inner\"  >\n\t\t\t\n\t\t\t\n\n<p style=\"text-align: center;\"><strong>\n  <span style=\"color: #0f416f;\">Sprachen<\/span>\n  <br>\n<\/strong>Franz\u00f6sisch \/ Englisch<\/p>\n<p style=\"text-align: center;\"><strong>\n  <span style=\"color: #0f416f;\">Nationalit\u00e4ten<\/span>\n  <br>\n<\/strong>Ukraine<\/p>\n<p style=\"text-align: center;\"><strong>\n  <span style=\"color: #0f416f;\">Gr\u00f6\u00dfe<\/span>\n  <br>\n<\/strong>174cm \/ 54kg<\/p>\n<p style=\"text-align: center;\"><strong>\n  <span style=\"color: #0f416f;\">Alter<\/span>\n  <br>\n<\/strong>23 Jahre<\/p>\n\n\t\t<\/div>\n\t\t\t\t\t<\/div>\n\n\t\n\n\t<div id=\"col-388196564\" class=\"col medium-6 small-12 large-6\"  >\n\t\t\t\t<div class=\"col-inner\"  >\n\t\t\t\n\t\t\t\n\n<p style=\"text-align: center;\"><strong>\n  <span style=\"color: #0f416f;\">Stil der Kleidung<\/span>\n  <br>\n<\/strong>Eng anliegend und feminin, manchmal sexy<\/p>\n<p style=\"text-align: center;\"><strong>\n  <span style=\"color: #0f416f;\">Dessous<\/span>\n  <br>\n<\/strong>Geschlossenes Haus<\/p>\n<p style=\"text-align: center;\"><strong>\n  <span style=\"color: #0f416f;\">Lieblingsk\u00fcche &amp; -getr\u00e4nk<\/span>\n  <br>\n<\/strong>Alkoholfreier Cocktail<\/p>\n<p style=\"text-align: center;\"><strong>\n  <span style=\"color: #0f416f;\">Lieblingsparfum<\/span>\n  <br>\n<\/strong>J'adore by Dior<\/p>\n\n\t\t<\/div>\n\t\t\t\t\t<\/div>\n\n\t\n\n<\/div>\n","protected":false},"excerpt":{"rendered":"<p>Lieber Freund, lassen Sie mich Ihnen meine intimsten W\u00fcnsche anvertrauen: Ich bin eine leidenschaftliche junge Frau, die sich danach sehnt, all Ihre W\u00fcnsche zu erf\u00fcllen und Ihnen das gr\u00f6\u00dfte Vergn\u00fcgen zu bereiten.<\/p>\n<p>Ich bin bereit, alles zu tun, damit unsere gemeinsame Zeit intensiv und unvergesslich wird.<\/p>\n","protected":false},"featured_media":30586,"template":"","meta":{"inline_featured_image":false},"product_brand":[],"product_cat":[232,254,255,169],"product_tag":[],"class_list":{"0":"post-31814","1":"product","2":"type-product","3":"status-publish","4":"has-post-thumbnail","6":"product_cat-ein-funke","7":"product_cat-eine-auszeit-nehmen","8":"product_cat-eine-begegnung-machen","9":"product_cat-hostessen","11":"first","12":"instock","13":"featured","14":"taxable","15":"shipping-taxable","16":"product-type-simple"},"_links":{"self":[{"href":"https:\/\/old.timeforyou.io\/de\/wp-json\/wp\/v2\/product\/31814","targetHints":{"allow":["GET"]}}],"collection":[{"href":"https:\/\/old.timeforyou.io\/de\/wp-json\/wp\/v2\/product"}],"about":[{"href":"https:\/\/old.timeforyou.io\/de\/wp-json\/wp\/v2\/types\/product"}],"wp:featuredmedia":[{"embeddable":true,"href":"https:\/\/old.timeforyou.io\/de\/wp-json\/wp\/v2\/media\/30586"}],"wp:attachment":[{"href":"https:\/\/old.timeforyou.io\/de\/wp-json\/wp\/v2\/media?parent=31814"}],"wp:term":[{"taxonomy":"product_brand","embeddable":true,"href":"https:\/\/old.timeforyou.io\/de\/wp-json\/wp\/v2\/product_brand?post=31814"},{"taxonomy":"product_cat","embeddable":true,"href":"https:\/\/old.timeforyou.io\/de\/wp-json\/wp\/v2\/product_cat?post=31814"},{"taxonomy":"product_tag","embeddable":true,"href":"https:\/\/old.timeforyou.io\/de\/wp-json\/wp\/v2\/product_tag?post=31814"}],"curies":[{"name":"wp","href":"https:\/\/api.w.org\/{rel}","templated":true}]}}