{"id":31876,"date":"2023-05-12T23:36:58","date_gmt":"2023-05-12T21:36:58","guid":{"rendered":"https:\/\/old.timeforyou.io\/galeries-des-charmes\/beatrice\/"},"modified":"2023-05-14T14:47:19","modified_gmt":"2023-05-14T12:47:19","slug":"beatrice","status":"publish","type":"product","link":"https:\/\/old.timeforyou.io\/de\/galeries-des-charmes\/beatrice\/","title":{"rendered":"Beatrice"},"content":{"rendered":"<p>Hallo, ich bin Beatrice, eine junge Frau von 21 Jahren.<\/p>\n<p>Ich bin tadellos sauber und strahle Lebensfreude aus.<\/p>\n<p>Wenn Sie unvergessliche Momente mit mir teilen m\u00f6chten, z\u00f6gern Sie nicht, mich anzurufen.<\/p>\n<p>Mit mir k\u00f6nnen Sie all Ihre Fantasien ausleben und das Vergn\u00fcgen finden, das Sie suchen.<\/p>\n<p>Wenn Sie mehr erfahren m\u00f6chten, rufen Sie mich an oder schicken Sie mir eine Nachricht. Ich werde Ihnen gerne antworten.<\/p>\n\t<div id=\"gap-2064359427\" class=\"gap-element clearfix\" style=\"display:block; height:auto;\">\n\t\t\n<style>\n#gap-2064359427 {\n  padding-top: 30px;\n}\n<\/style>\n\t<\/div>\n\t\n\n<div class=\"row\"  id=\"row-1291337474\">\n\n\n\t<div id=\"col-1613066726\" class=\"col medium-6 small-12 large-6\"  >\n\t\t\t\t<div class=\"col-inner\"  >\n\t\t\t\n\t\t\t\n\n<p style=\"text-align: center;\"><strong>\n  <span style=\"color: #0f416f;\">Sprachen<\/span>\n  <br>\n<\/strong>Franz\u00f6sisch \/ Englisch<\/p>\n<p style=\"text-align: center;\"><strong>\n  <span style=\"color: #0f416f;\">Nationalit\u00e4ten<\/span>\n  <br>\n<\/strong>Ukraine<\/p>\n<p style=\"text-align: center;\"><strong>\n  <span style=\"color: #0f416f;\">Gr\u00f6\u00dfe<\/span>\n  <br>\n<\/strong>174cm \/ 54kg<\/p>\n<p style=\"text-align: center;\"><strong>\n  <span style=\"color: #0f416f;\">Alter<\/span>\n  <br>\n<\/strong>23 Jahre<\/p>\n\n\t\t<\/div>\n\t\t\t\t\t<\/div>\n\n\t\n\n\t<div id=\"col-13725212\" class=\"col medium-6 small-12 large-6\"  >\n\t\t\t\t<div class=\"col-inner\"  >\n\t\t\t\n\t\t\t\n\n<p style=\"text-align: center;\"><strong>\n  <span style=\"color: #0f416f;\">Stil der Kleidung<\/span>\n  <br>\n<\/strong>Eng anliegend und feminin, manchmal sexy<\/p>\n<p style=\"text-align: center;\"><strong>\n  <span style=\"color: #0f416f;\">Dessous<\/span>\n  <br>\n<\/strong>Geschlossenes Haus<\/p>\n<p style=\"text-align: center;\"><strong>\n  <span style=\"color: #0f416f;\">Lieblingsk\u00fcche &amp; -getr\u00e4nk<\/span>\n  <br>\n<\/strong>Alkoholfreier Cocktail<\/p>\n<p style=\"text-align: center;\"><strong>\n  <span style=\"color: #0f416f;\">Lieblingsparfum<\/span>\n  <br>\n<\/strong>J'adore by Dior<\/p>\n\n\t\t<\/div>\n\t\t\t\t\t<\/div>\n\n\t\n\n<\/div>\n","protected":false},"excerpt":{"rendered":"<p>Ich genie\u00dfe meinen K\u00f6rper und meine sexuellen Erfahrungen.<\/p>\n<p>Meine Pers\u00f6nlichkeit ist fr\u00f6hlich und ich verbringe gerne eine gute Zeit mit meinen Kunden.<\/p>\n<p>Ich habe den Wunsch, zu lernen und mich mit Menschen aus allen Bereichen \u00fcber eine Vielzahl von Themen auszutauschen.<\/p>\n<p>Ich arbeite selbstst\u00e4ndig und bin zuverl\u00e4ssig und p\u00fcnktlich.<\/p>\n<p>Das Foto, das Sie sehen, bin \u00fcbrigens ich, obwohl ich glaube, dass ich in Wirklichkeit noch sch\u00f6ner bin.<\/p>\n","protected":false},"featured_media":30509,"template":"","meta":{"inline_featured_image":false},"product_brand":[],"product_cat":[232,254,255,253,169],"product_tag":[],"class_list":{"0":"post-31876","1":"product","2":"type-product","3":"status-publish","4":"has-post-thumbnail","6":"product_cat-ein-funke","7":"product_cat-eine-auszeit-nehmen","8":"product_cat-eine-begegnung-machen","9":"product_cat-eine-kleine-pause","10":"product_cat-hostessen","12":"first","13":"instock","14":"featured","15":"taxable","16":"shipping-taxable","17":"product-type-simple"},"_links":{"self":[{"href":"https:\/\/old.timeforyou.io\/de\/wp-json\/wp\/v2\/product\/31876","targetHints":{"allow":["GET"]}}],"collection":[{"href":"https:\/\/old.timeforyou.io\/de\/wp-json\/wp\/v2\/product"}],"about":[{"href":"https:\/\/old.timeforyou.io\/de\/wp-json\/wp\/v2\/types\/product"}],"wp:featuredmedia":[{"embeddable":true,"href":"https:\/\/old.timeforyou.io\/de\/wp-json\/wp\/v2\/media\/30509"}],"wp:attachment":[{"href":"https:\/\/old.timeforyou.io\/de\/wp-json\/wp\/v2\/media?parent=31876"}],"wp:term":[{"taxonomy":"product_brand","embeddable":true,"href":"https:\/\/old.timeforyou.io\/de\/wp-json\/wp\/v2\/product_brand?post=31876"},{"taxonomy":"product_cat","embeddable":true,"href":"https:\/\/old.timeforyou.io\/de\/wp-json\/wp\/v2\/product_cat?post=31876"},{"taxonomy":"product_tag","embeddable":true,"href":"https:\/\/old.timeforyou.io\/de\/wp-json\/wp\/v2\/product_tag?post=31876"}],"curies":[{"name":"wp","href":"https:\/\/api.w.org\/{rel}","templated":true}]}}