{"id":31877,"date":"2022-11-20T17:14:29","date_gmt":"2022-11-20T16:14:29","guid":{"rendered":"https:\/\/old.timeforyou.io\/galeries-des-charmes\/nicole-b\/"},"modified":"2023-05-15T00:11:12","modified_gmt":"2023-05-14T22:11:12","slug":"nicole-b","status":"publish","type":"product","link":"https:\/\/old.timeforyou.io\/de\/galeries-des-charmes\/nicole-b\/","title":{"rendered":"Nicole B"},"content":{"rendered":"<p>Willkommen in der idealen Zuflucht vor dem Stress des Alltags. Wenn Sie auf der Suche nach einer wirklich unvergesslichen Begegnung mit einer der elit\u00e4rsten Begleiterinnen der Welt sind, machen Sie sich auf etwas Besonderes gefasst.<\/p>\n<p>Meine Fotos sind zu 100 % authentisch und gepr\u00fcft. Dann kommen Sie und entdecken Sie sie selbst und bewundern Sie mein umwerfendes L\u00e4cheln und meine raffinierte Silhouette!<\/p>\n<p>Ich besitze eine bet\u00f6rende und beruhigende Pr\u00e4senz und bem\u00fche mich, Geist und Sinne zum Leben zu erwecken. Sie werden mich als unterhaltsam, geistreich, s\u00fc\u00df und erfrischend empfinden.<\/p>\n<p>Ich bem\u00fche mich, unsere gemeinsame Zeit zu einem wirklich wunderbaren und fesselnden Erlebnis zu machen. Unsere Feier wird entspannt und unendlich sch\u00f6n sein&#8230;<\/p>\n","protected":false},"excerpt":{"rendered":"<p>Ich bin attraktiv, elegant und lerne gerne neue Leute kennen! Sehr freundlich, einladend und ich bem\u00fche mich immer, eine gem\u00fctliche und entspannte Atmosph\u00e4re zu schaffen.<\/p>\n<p>Ich bin diskret, sinnlich und warmherzig, habe eine zarte Ber\u00fchrung und eine glatte Haut. Ich bin gerne abenteuerlustig und offen in sexueller Hinsicht. Ich habe einen ausgezeichneten Geschmack, was Kleidung angeht, und trage am liebsten nur das Beste!<\/p>\n","protected":false},"featured_media":30306,"template":"","meta":{"inline_featured_image":false},"product_brand":[],"product_cat":[232,254,255,169],"product_tag":[],"class_list":{"0":"post-31877","1":"product","2":"type-product","3":"status-publish","4":"has-post-thumbnail","6":"product_cat-ein-funke","7":"product_cat-eine-auszeit-nehmen","8":"product_cat-eine-begegnung-machen","9":"product_cat-hostessen","11":"first","12":"instock","13":"featured","14":"virtual","15":"taxable","16":"product-type-simple"},"_links":{"self":[{"href":"https:\/\/old.timeforyou.io\/de\/wp-json\/wp\/v2\/product\/31877","targetHints":{"allow":["GET"]}}],"collection":[{"href":"https:\/\/old.timeforyou.io\/de\/wp-json\/wp\/v2\/product"}],"about":[{"href":"https:\/\/old.timeforyou.io\/de\/wp-json\/wp\/v2\/types\/product"}],"wp:featuredmedia":[{"embeddable":true,"href":"https:\/\/old.timeforyou.io\/de\/wp-json\/wp\/v2\/media\/30306"}],"wp:attachment":[{"href":"https:\/\/old.timeforyou.io\/de\/wp-json\/wp\/v2\/media?parent=31877"}],"wp:term":[{"taxonomy":"product_brand","embeddable":true,"href":"https:\/\/old.timeforyou.io\/de\/wp-json\/wp\/v2\/product_brand?post=31877"},{"taxonomy":"product_cat","embeddable":true,"href":"https:\/\/old.timeforyou.io\/de\/wp-json\/wp\/v2\/product_cat?post=31877"},{"taxonomy":"product_tag","embeddable":true,"href":"https:\/\/old.timeforyou.io\/de\/wp-json\/wp\/v2\/product_tag?post=31877"}],"curies":[{"name":"wp","href":"https:\/\/api.w.org\/{rel}","templated":true}]}}