{"id":31900,"date":"2023-05-11T18:52:31","date_gmt":"2023-05-11T16:52:31","guid":{"rendered":"https:\/\/old.timeforyou.io\/galeries-des-charmes\/nikki\/"},"modified":"2023-05-16T01:00:04","modified_gmt":"2023-05-15T23:00:04","slug":"nikki","status":"publish","type":"product","link":"https:\/\/old.timeforyou.io\/de\/galeries-des-charmes\/nikki\/","title":{"rendered":"Nikki"},"content":{"rendered":"<p>Nikki ist eine wahre K\u00fcnstlerin in der Kunst der Verf\u00fchrung und wird daf\u00fcr sorgen, dass Sie eine unvergessliche Zeit in ihrer Gesellschaft verbringen. Sie wird Sie an Orte f\u00fchren, die Sie noch nie zuvor gesehen haben, und Ihnen neue Erfahrungen vermitteln, ohne dass Sie sich jemals unwohl f\u00fchlen werden. Diese nat\u00fcrliche Sch\u00f6nheit bietet ein ultimatives Freundinnenerlebnis, das Sie \u00fcber Ihre k\u00fchnsten Tr\u00e4ume hinaustr\u00e4gt. Lassen Sie sich von ihrem Charme verf\u00fchren und verlieben Sie sich in diese sinnliche G\u00f6ttin, die Ihnen neue Empfindungen und Gef\u00fchle vermittelt.<\/p>\n\t<div id=\"gap-618658604\" class=\"gap-element clearfix\" style=\"display:block; height:auto;\">\n\t\t\n<style>\n#gap-618658604 {\n  padding-top: 30px;\n}\n<\/style>\n\t<\/div>\n\t\n\n<div class=\"row\"  id=\"row-1906057370\">\n\n\n\t<div id=\"col-1219564911\" class=\"col medium-6 small-12 large-6\"  >\n\t\t\t\t<div class=\"col-inner\"  >\n\t\t\t\n\t\t\t\n\n<p style=\"text-align: center;\"><strong>\n  <span style=\"color: #0f416f;\">Sprachen<\/span>\n  <br>\n<\/strong>Franz\u00f6sisch \/ Englisch<\/p>\n<p style=\"text-align: center;\"><strong>\n  <span style=\"color: #0f416f;\">Nationalit\u00e4ten<\/span>\n  <br>\n<\/strong>Ukraine<\/p>\n<p style=\"text-align: center;\"><strong>\n  <span style=\"color: #0f416f;\">Gr\u00f6\u00dfe<\/span>\n  <br>\n<\/strong>174cm \/ 54kg<\/p>\n<p style=\"text-align: center;\"><strong>\n  <span style=\"color: #0f416f;\">Alter<\/span>\n  <br>\n<\/strong>23 Jahre<\/p>\n\n\t\t<\/div>\n\t\t\t\t\t<\/div>\n\n\t\n\n\t<div id=\"col-638188087\" class=\"col medium-6 small-12 large-6\"  >\n\t\t\t\t<div class=\"col-inner\"  >\n\t\t\t\n\t\t\t\n\n<p style=\"text-align: center;\"><strong>\n  <span style=\"color: #0f416f;\">Stil der Kleidung<\/span>\n  <br>\n<\/strong>Eng anliegend und feminin, manchmal sexy<\/p>\n<p style=\"text-align: center;\"><strong>\n  <span style=\"color: #0f416f;\">Dessous<\/span>\n  <br>\n<\/strong>Geschlossenes Haus<\/p>\n<p style=\"text-align: center;\"><strong>\n  <span style=\"color: #0f416f;\">Lieblingsk\u00fcche &amp; -getr\u00e4nk<\/span>\n  <br>\n<\/strong>Alkoholfreier Cocktail<\/p>\n<p style=\"text-align: center;\"><strong>\n  <span style=\"color: #0f416f;\">Lieblingsparfum<\/span>\n  <br>\n<\/strong>J'adore by Dior<\/p>\n\n\t\t<\/div>\n\t\t\t\t\t<\/div>\n\n\t\n\n<\/div>\n","protected":false},"excerpt":{"rendered":"<p>Lernen Sie Nikki kennen, eine VIP-Escort der Extraklasse mit einer geheimnisvollen und faszinierenden Sch\u00f6nheit.<\/p>\n<p>Vom ersten Moment an werden Sie von ihren hypnotischen braunen Augen und ihrer sanften Ber\u00fchrung verzaubert, die Ihnen das Gef\u00fchl gibt, der einzige Mensch auf der Welt zu sein.<\/p>\n","protected":false},"featured_media":30572,"template":"","meta":{"inline_featured_image":false},"product_brand":[],"product_cat":[232,254,255,169],"product_tag":[],"class_list":{"0":"post-31900","1":"product","2":"type-product","3":"status-publish","4":"has-post-thumbnail","6":"product_cat-ein-funke","7":"product_cat-eine-auszeit-nehmen","8":"product_cat-eine-begegnung-machen","9":"product_cat-hostessen","11":"first","12":"instock","13":"featured","14":"taxable","15":"shipping-taxable","16":"product-type-simple"},"_links":{"self":[{"href":"https:\/\/old.timeforyou.io\/de\/wp-json\/wp\/v2\/product\/31900","targetHints":{"allow":["GET"]}}],"collection":[{"href":"https:\/\/old.timeforyou.io\/de\/wp-json\/wp\/v2\/product"}],"about":[{"href":"https:\/\/old.timeforyou.io\/de\/wp-json\/wp\/v2\/types\/product"}],"wp:featuredmedia":[{"embeddable":true,"href":"https:\/\/old.timeforyou.io\/de\/wp-json\/wp\/v2\/media\/30572"}],"wp:attachment":[{"href":"https:\/\/old.timeforyou.io\/de\/wp-json\/wp\/v2\/media?parent=31900"}],"wp:term":[{"taxonomy":"product_brand","embeddable":true,"href":"https:\/\/old.timeforyou.io\/de\/wp-json\/wp\/v2\/product_brand?post=31900"},{"taxonomy":"product_cat","embeddable":true,"href":"https:\/\/old.timeforyou.io\/de\/wp-json\/wp\/v2\/product_cat?post=31900"},{"taxonomy":"product_tag","embeddable":true,"href":"https:\/\/old.timeforyou.io\/de\/wp-json\/wp\/v2\/product_tag?post=31900"}],"curies":[{"name":"wp","href":"https:\/\/api.w.org\/{rel}","templated":true}]}}