{"id":31903,"date":"2023-05-11T19:03:48","date_gmt":"2023-05-11T17:03:48","guid":{"rendered":"https:\/\/old.timeforyou.io\/galeries-des-charmes\/kira\/"},"modified":"2023-05-15T14:17:41","modified_gmt":"2023-05-15T12:17:41","slug":"kira","status":"publish","type":"product","link":"https:\/\/old.timeforyou.io\/de\/galeries-des-charmes\/kira\/","title":{"rendered":"Kira"},"content":{"rendered":"<p>Mein perfekter K\u00f6rper wird Sie verf\u00fchren, aber das ist noch nicht alles. Durch meine beruhigende Pr\u00e4senz und meine f\u00fcrsorgliche Haltung werden Sie sich selbstbewusst, entspannt und friedlich f\u00fchlen. Ich bin hier, um Ihnen ein Erlebnis zu bieten, das Ihre Erwartungen weit \u00fcbertrifft. Lassen Sie mich Ihnen alles zeigen, was ich Ihnen mit meiner Leidenschaft f\u00fcr das Leben und meinem Wunsch, jeden Moment mit Ihnen unvergesslich zu machen, bieten kann. Sie werden nie einen langweiligen oder mechanischen Moment in meiner Gesellschaft finden, denn ich sorge daf\u00fcr, dass jeder gemeinsam verbrachte Augenblick mit Lachen, L\u00e4cheln und romantischen Momenten gef\u00fcllt ist. Vertrauen Sie mir, dass ich Sie zur Ekstase f\u00fchre, ohne direkt sexuelle Konnotationen, und Sie dazu bringe, mich immer wieder zu sehen. Bei mir finden Sie eine authentische und aufrichtige Erfahrung, eine Erfahrung, die sich in Ihr Herz und Ihren Geist einpr\u00e4gt, lange nachdem wir uns verabschiedet haben.<\/p>\n\t<div id=\"gap-1738185801\" class=\"gap-element clearfix\" style=\"display:block; height:auto;\">\n\t\t\n<style>\n#gap-1738185801 {\n  padding-top: 30px;\n}\n<\/style>\n\t<\/div>\n\t\n\n<div class=\"row\"  id=\"row-1171000318\">\n\n\n\t<div id=\"col-1837774703\" class=\"col medium-6 small-12 large-6\"  >\n\t\t\t\t<div class=\"col-inner\"  >\n\t\t\t\n\t\t\t\n\n<p style=\"text-align: center;\"><strong>\n  <span style=\"color: #0f416f;\">Sprachen<\/span>\n  <br>\n<\/strong>Franz\u00f6sisch \/ Englisch<\/p>\n<p style=\"text-align: center;\"><strong>\n  <span style=\"color: #0f416f;\">Nationalit\u00e4ten<\/span>\n  <br>\n<\/strong>Ukraine<\/p>\n<p style=\"text-align: center;\"><strong>\n  <span style=\"color: #0f416f;\">Gr\u00f6\u00dfe<\/span>\n  <br>\n<\/strong>174cm \/ 54kg<\/p>\n<p style=\"text-align: center;\"><strong>\n  <span style=\"color: #0f416f;\">Alter<\/span>\n  <br>\n<\/strong>23 Jahre<\/p>\n\n\t\t<\/div>\n\t\t\t\t\t<\/div>\n\n\t\n\n\t<div id=\"col-1075527233\" class=\"col medium-6 small-12 large-6\"  >\n\t\t\t\t<div class=\"col-inner\"  >\n\t\t\t\n\t\t\t\n\n<p style=\"text-align: center;\"><strong>\n  <span style=\"color: #0f416f;\">Stil der Kleidung<\/span>\n  <br>\n<\/strong>Eng anliegend und feminin, manchmal sexy<\/p>\n<p style=\"text-align: center;\"><strong>\n  <span style=\"color: #0f416f;\">Dessous<\/span>\n  <br>\n<\/strong>Geschlossenes Haus<\/p>\n<p style=\"text-align: center;\"><strong>\n  <span style=\"color: #0f416f;\">Lieblingsk\u00fcche &amp; -getr\u00e4nk<\/span>\n  <br>\n<\/strong>Alkoholfreier Cocktail<\/p>\n<p style=\"text-align: center;\"><strong>\n  <span style=\"color: #0f416f;\">Lieblingsparfum<\/span>\n  <br>\n<\/strong>J'adore by Dior<\/p>\n\n\t\t<\/div>\n\t\t\t\t\t<\/div>\n\n\t\n\n<\/div>\n","protected":false},"excerpt":{"rendered":"<p>Hallo an Sie, ich bin Kira, eine junge Frau mit einem strahlenden L\u00e4cheln, die Sie mit ihrer Sanftheit und Sinnlichkeit verzaubern wird. Ich bin hier, um Ihnen einen einzigartigen Moment der Flucht aus dem Alltag zu bieten, der von Z\u00e4rtlichkeit und Leidenschaft erf\u00fcllt ist. Lassen Sie sich von mir in eine Welt entf\u00fchren, in der alle Ihre Sinne wach sind, in der die Zeit stillsteht und nur die Magie des Augenblicks z\u00e4hlt.<\/p>\n","protected":false},"featured_media":30558,"template":"","meta":{"inline_featured_image":false},"product_brand":[],"product_cat":[232,254,255,169],"product_tag":[],"class_list":{"0":"post-31903","1":"product","2":"type-product","3":"status-publish","4":"has-post-thumbnail","6":"product_cat-ein-funke","7":"product_cat-eine-auszeit-nehmen","8":"product_cat-eine-begegnung-machen","9":"product_cat-hostessen","11":"first","12":"instock","13":"featured","14":"taxable","15":"shipping-taxable","16":"product-type-simple"},"_links":{"self":[{"href":"https:\/\/old.timeforyou.io\/de\/wp-json\/wp\/v2\/product\/31903","targetHints":{"allow":["GET"]}}],"collection":[{"href":"https:\/\/old.timeforyou.io\/de\/wp-json\/wp\/v2\/product"}],"about":[{"href":"https:\/\/old.timeforyou.io\/de\/wp-json\/wp\/v2\/types\/product"}],"wp:featuredmedia":[{"embeddable":true,"href":"https:\/\/old.timeforyou.io\/de\/wp-json\/wp\/v2\/media\/30558"}],"wp:attachment":[{"href":"https:\/\/old.timeforyou.io\/de\/wp-json\/wp\/v2\/media?parent=31903"}],"wp:term":[{"taxonomy":"product_brand","embeddable":true,"href":"https:\/\/old.timeforyou.io\/de\/wp-json\/wp\/v2\/product_brand?post=31903"},{"taxonomy":"product_cat","embeddable":true,"href":"https:\/\/old.timeforyou.io\/de\/wp-json\/wp\/v2\/product_cat?post=31903"},{"taxonomy":"product_tag","embeddable":true,"href":"https:\/\/old.timeforyou.io\/de\/wp-json\/wp\/v2\/product_tag?post=31903"}],"curies":[{"name":"wp","href":"https:\/\/api.w.org\/{rel}","templated":true}]}}