{"id":31916,"date":"2023-05-10T23:19:11","date_gmt":"2023-05-10T21:19:11","guid":{"rendered":"https:\/\/old.timeforyou.io\/galeries-des-charmes\/melissa\/"},"modified":"2023-05-15T16:32:01","modified_gmt":"2023-05-15T14:32:01","slug":"melissa","status":"publish","type":"product","link":"https:\/\/old.timeforyou.io\/de\/galeries-des-charmes\/melissa\/","title":{"rendered":"Melissa"},"content":{"rendered":"<p>Hallo, ich bin Melissa, Pornodarstellerin und Model.<\/p>\n<p>Ich kann Ihre extremsten erotischen Fantasien wahr werden lassen! Ich habe keine Grenzen, Tabus oder Regeln.<\/p>\n<p>Ich bin sehr aufgeschlossen und liebe alle Aspekte des Sex! Ich mag M\u00e4nner, manchmal auch Frauen, Gruppensex und Orgien. Wenn Sie von einer Gangbang-Party tr\u00e4umen, bin ich das richtige M\u00e4dchen f\u00fcr Sie!<\/p>\n<\/p>\n<p>Rufen Sie mich Tag und Nacht an, wann immer Sie Gesellschaft brauchen! Ich freue mich immer, Sie zu begleiten und Ihre verr\u00fccktesten W\u00fcnsche zu erf\u00fcllen! Ich bin die perfekte Frau f\u00fcr einen anspruchsvollen Mann! Freche K\u00fcsse!<\/p>\n\t<div id=\"gap-830357273\" class=\"gap-element clearfix\" style=\"display:block; height:auto;\">\n\t\t\n<style>\n#gap-830357273 {\n  padding-top: 30px;\n}\n<\/style>\n\t<\/div>\n\t\n\n<div class=\"row\"  id=\"row-1577869099\">\n\n\n\t<div id=\"col-911186849\" class=\"col medium-6 small-12 large-6\"  >\n\t\t\t\t<div class=\"col-inner\"  >\n\t\t\t\n\t\t\t\n\n<p style=\"text-align: center;\"><strong>\n  <span style=\"color: #0f416f;\">Sprachen<\/span>\n  <br>\n<\/strong>Franz\u00f6sisch \/ Englisch<\/p>\n<p style=\"text-align: center;\"><strong>\n  <span style=\"color: #0f416f;\">Nationalit\u00e4ten<\/span>\n  <br>\n<\/strong>Ukraine<\/p>\n<p style=\"text-align: center;\"><strong>\n  <span style=\"color: #0f416f;\">Gr\u00f6\u00dfe<\/span>\n  <br>\n<\/strong>174cm \/ 54kg<\/p>\n<p style=\"text-align: center;\"><strong>\n  <span style=\"color: #0f416f;\">Alter<\/span>\n  <br>\n<\/strong>23 Jahre<\/p>\n\n\t\t<\/div>\n\t\t\t\t\t<\/div>\n\n\t\n\n\t<div id=\"col-376530620\" class=\"col medium-6 small-12 large-6\"  >\n\t\t\t\t<div class=\"col-inner\"  >\n\t\t\t\n\t\t\t\n\n<p style=\"text-align: center;\"><strong>\n  <span style=\"color: #0f416f;\">Stil der Kleidung<\/span>\n  <br>\n<\/strong>Eng anliegend und feminin, manchmal sexy<\/p>\n<p style=\"text-align: center;\"><strong>\n  <span style=\"color: #0f416f;\">Dessous<\/span>\n  <br>\n<\/strong>Geschlossenes Haus<\/p>\n<p style=\"text-align: center;\"><strong>\n  <span style=\"color: #0f416f;\">Lieblingsk\u00fcche &amp; -getr\u00e4nk<\/span>\n  <br>\n<\/strong>Alkoholfreier Cocktail<\/p>\n<p style=\"text-align: center;\"><strong>\n  <span style=\"color: #0f416f;\">Lieblingsparfum<\/span>\n  <br>\n<\/strong>J'adore by Dior<\/p>\n\n\t\t<\/div>\n\t\t\t\t\t<\/div>\n\n\t\n\n<\/div>\n","protected":false},"excerpt":{"rendered":"<p>Ich bin s\u00fc\u00df und frech! Lassen Sie sich von mir mit Aufregung und Spa\u00df aufw\u00e4rmen!<\/p>\n<p>W\u00fcnschen Sie sich eine hei\u00dfe Body-to-Body-Massage mit Happy End in meinem hei\u00dfen Mund?<\/p>\n<p>F\u00fcr die Liebhaber gro\u00dfer Br\u00fcste, f\u00fcr die Liebhaber von GFE, stehen zus\u00e4tzliche Dienste zur Verf\u00fcgung.<\/p>\n<p>Lassen Sie uns gemeinsam Spa\u00df haben! K\u00fcsschen.<\/p>\n","protected":false},"featured_media":30362,"template":"","meta":{"inline_featured_image":false},"product_brand":[],"product_cat":[232,254,255,169],"product_tag":[],"class_list":{"0":"post-31916","1":"product","2":"type-product","3":"status-publish","4":"has-post-thumbnail","6":"product_cat-ein-funke","7":"product_cat-eine-auszeit-nehmen","8":"product_cat-eine-begegnung-machen","9":"product_cat-hostessen","11":"first","12":"instock","13":"featured","14":"taxable","15":"shipping-taxable","16":"product-type-simple"},"_links":{"self":[{"href":"https:\/\/old.timeforyou.io\/de\/wp-json\/wp\/v2\/product\/31916","targetHints":{"allow":["GET"]}}],"collection":[{"href":"https:\/\/old.timeforyou.io\/de\/wp-json\/wp\/v2\/product"}],"about":[{"href":"https:\/\/old.timeforyou.io\/de\/wp-json\/wp\/v2\/types\/product"}],"wp:featuredmedia":[{"embeddable":true,"href":"https:\/\/old.timeforyou.io\/de\/wp-json\/wp\/v2\/media\/30362"}],"wp:attachment":[{"href":"https:\/\/old.timeforyou.io\/de\/wp-json\/wp\/v2\/media?parent=31916"}],"wp:term":[{"taxonomy":"product_brand","embeddable":true,"href":"https:\/\/old.timeforyou.io\/de\/wp-json\/wp\/v2\/product_brand?post=31916"},{"taxonomy":"product_cat","embeddable":true,"href":"https:\/\/old.timeforyou.io\/de\/wp-json\/wp\/v2\/product_cat?post=31916"},{"taxonomy":"product_tag","embeddable":true,"href":"https:\/\/old.timeforyou.io\/de\/wp-json\/wp\/v2\/product_tag?post=31916"}],"curies":[{"name":"wp","href":"https:\/\/api.w.org\/{rel}","templated":true}]}}