{"id":31936,"date":"2023-05-11T18:26:59","date_gmt":"2023-05-11T16:26:59","guid":{"rendered":"https:\/\/old.timeforyou.io\/galeries-des-charmes\/herrin-helga\/"},"modified":"2023-05-15T14:27:53","modified_gmt":"2023-05-15T12:27:53","slug":"maitresse-helga","status":"publish","type":"product","link":"https:\/\/old.timeforyou.io\/de\/galeries-des-charmes\/maitresse-helga\/","title":{"rendered":"Herrin Helga"},"content":{"rendered":"<p>Ich bin eine erfahrene Herrin und biete Ihnen eine umfassende Liste von Dominaservices, die Ihnen neue Gef\u00fchle vermitteln werden. W\u00e4hlen Sie aus einer Vielzahl von Aktivit\u00e4ten, z. B. Anbetung meiner F\u00fc\u00dfe, Bondage, Zigarettenfetischismus und vieles mehr. Ich bin auch auf verbale Erniedrigung spezialisiert, wei\u00df aber, dass manche Menschen eine sanftere Behandlung bevorzugen. Keine Sorge, ich h\u00f6re auf Ihre Bed\u00fcrfnisse und passe mich Ihren Grenzen an. Sie k\u00f6nnen sich darauf verlassen, dass Sie bei mir sicher sind und eine einzigartige Erfahrung machen werden. Um mit mir Kontakt aufzunehmen, bitte ich Sie, kurze Angaben zu Ihrer Person zu machen. Wenn Sie einen Termin reservieren m\u00f6chten, ist eine Anzahlung erforderlich. Lassen Sie mich Ihnen ein unvergessliches Domino-Erlebnis bieten, bei dem ich Sie durch alle Freuden f\u00fchre, die Sie sich w\u00fcnschen.<\/p>\n\t<div id=\"gap-1497278684\" class=\"gap-element clearfix\" style=\"display:block; height:auto;\">\n\t\t\n<style>\n#gap-1497278684 {\n  padding-top: 30px;\n}\n<\/style>\n\t<\/div>\n\t\n\n<div class=\"row\"  id=\"row-219333730\">\n\n\n\t<div id=\"col-946285213\" class=\"col medium-6 small-12 large-6\"  >\n\t\t\t\t<div class=\"col-inner\"  >\n\t\t\t\n\t\t\t\n\n<p style=\"text-align: center;\"><strong>\n  <span style=\"color: #0f416f;\">Sprachen<\/span>\n  <br>\n<\/strong>Franz\u00f6sisch \/ Englisch<\/p>\n<p style=\"text-align: center;\"><strong>\n  <span style=\"color: #0f416f;\">Nationalit\u00e4ten<\/span>\n  <br>\n<\/strong>Ukraine<\/p>\n<p style=\"text-align: center;\"><strong>\n  <span style=\"color: #0f416f;\">Gr\u00f6\u00dfe<\/span>\n  <br>\n<\/strong>174cm \/ 54kg<\/p>\n<p style=\"text-align: center;\"><strong>\n  <span style=\"color: #0f416f;\">Alter<\/span>\n  <br>\n<\/strong>23 Jahre<\/p>\n\n\t\t<\/div>\n\t\t\t\t\t<\/div>\n\n\t\n\n\t<div id=\"col-255608996\" class=\"col medium-6 small-12 large-6\"  >\n\t\t\t\t<div class=\"col-inner\"  >\n\t\t\t\n\t\t\t\n\n<p style=\"text-align: center;\"><strong>\n  <span style=\"color: #0f416f;\">Stil der Kleidung<\/span>\n  <br>\n<\/strong>Eng anliegend und feminin, manchmal sexy<\/p>\n<p style=\"text-align: center;\"><strong>\n  <span style=\"color: #0f416f;\">Dessous<\/span>\n  <br>\n<\/strong>Geschlossenes Haus<\/p>\n<p style=\"text-align: center;\"><strong>\n  <span style=\"color: #0f416f;\">Lieblingsk\u00fcche &amp; -getr\u00e4nk<\/span>\n  <br>\n<\/strong>Alkoholfreier Cocktail<\/p>\n<p style=\"text-align: center;\"><strong>\n  <span style=\"color: #0f416f;\">Lieblingsparfum<\/span>\n  <br>\n<\/strong>J'adore by Dior<\/p>\n\n\t\t<\/div>\n\t\t\t\t\t<\/div>\n\n\t\n\n<\/div>\n","protected":false},"excerpt":{"rendered":"<p>Hallo, lassen Sie mich Ihnen ein einzigartiges Dominanzerlebnis bieten. Ich bin eine Expertin auf diesem Gebiet und lade Sie ein, Ihre unterw\u00fcrfige Seite mit meinen zahlreichen Dienstleistungen zu erkunden.<\/p>\n","protected":false},"featured_media":30635,"template":"","meta":{"inline_featured_image":false},"product_brand":[],"product_cat":[232,254,255,169],"product_tag":[],"class_list":{"0":"post-31936","1":"product","2":"type-product","3":"status-publish","4":"has-post-thumbnail","6":"product_cat-ein-funke","7":"product_cat-eine-auszeit-nehmen","8":"product_cat-eine-begegnung-machen","9":"product_cat-hostessen","11":"first","12":"instock","13":"featured","14":"virtual","15":"taxable","16":"product-type-simple"},"_links":{"self":[{"href":"https:\/\/old.timeforyou.io\/de\/wp-json\/wp\/v2\/product\/31936","targetHints":{"allow":["GET"]}}],"collection":[{"href":"https:\/\/old.timeforyou.io\/de\/wp-json\/wp\/v2\/product"}],"about":[{"href":"https:\/\/old.timeforyou.io\/de\/wp-json\/wp\/v2\/types\/product"}],"wp:featuredmedia":[{"embeddable":true,"href":"https:\/\/old.timeforyou.io\/de\/wp-json\/wp\/v2\/media\/30635"}],"wp:attachment":[{"href":"https:\/\/old.timeforyou.io\/de\/wp-json\/wp\/v2\/media?parent=31936"}],"wp:term":[{"taxonomy":"product_brand","embeddable":true,"href":"https:\/\/old.timeforyou.io\/de\/wp-json\/wp\/v2\/product_brand?post=31936"},{"taxonomy":"product_cat","embeddable":true,"href":"https:\/\/old.timeforyou.io\/de\/wp-json\/wp\/v2\/product_cat?post=31936"},{"taxonomy":"product_tag","embeddable":true,"href":"https:\/\/old.timeforyou.io\/de\/wp-json\/wp\/v2\/product_tag?post=31936"}],"curies":[{"name":"wp","href":"https:\/\/api.w.org\/{rel}","templated":true}]}}