{"id":31940,"date":"2023-05-11T18:13:02","date_gmt":"2023-05-11T16:13:02","guid":{"rendered":"https:\/\/old.timeforyou.io\/galeries-des-charmes\/emma\/"},"modified":"2023-05-11T18:13:02","modified_gmt":"2023-05-11T16:13:02","slug":"emma","status":"publish","type":"product","link":"https:\/\/old.timeforyou.io\/de\/galeries-des-charmes\/emma\/","title":{"rendered":"Emma"},"content":{"rendered":"<p>Hallo, mein Name ist Emma!<\/p>\n<p>Ich bin eine wundersch\u00f6ne, leidenschaftliche und sexy Model-Escort!<\/p>\n<p>Meine k\u00f6stlichen Kurven, meine Br\u00fcste und mein s\u00fc\u00dfes L\u00e4cheln werden Ihre Sorgen und Ihren Stress zum Schmelzen bringen, indem sie all Ihre Sinne wecken!<\/p>\n<p>Wenn wir uns treffen, werden Sie sich sofort wohlf\u00fchlen und wir k\u00f6nnen es uns in k\u00fcrzester Zeit gemeinsam gem\u00fctlich machen.<\/p>\n<p>K\u00fcsschen und bis bald!<\/p>\n","protected":false},"excerpt":{"rendered":"<p>Ich bin eine exquisite Sch\u00f6nheit, die in Eleganz geh\u00fcllt ist.<\/p>\n<p>Mit meinen blendenden Looks, unglaublichen Kurven und tiefen, sexy braunen Augen bin ich eine sehr beliebte Wahl f\u00fcr den abenteuerlustigen Mann, der experimentieren und etwas ganz anderes genie\u00dfen m\u00f6chte!<\/p>\n<p>Ich werde Ihre sichere und liebevolle Begleiterin sein, um alle Aspekte Ihrer Sexualit\u00e4t zu erforschen&#8230;<\/p>\n","protected":false},"featured_media":30656,"template":"","meta":{"inline_featured_image":false},"product_brand":[],"product_cat":[232,254,255,169],"product_tag":[],"class_list":{"0":"post-31940","1":"product","2":"type-product","3":"status-publish","4":"has-post-thumbnail","6":"product_cat-ein-funke","7":"product_cat-eine-auszeit-nehmen","8":"product_cat-eine-begegnung-machen","9":"product_cat-hostessen","11":"first","12":"instock","13":"featured","14":"virtual","15":"taxable","16":"product-type-simple"},"_links":{"self":[{"href":"https:\/\/old.timeforyou.io\/de\/wp-json\/wp\/v2\/product\/31940","targetHints":{"allow":["GET"]}}],"collection":[{"href":"https:\/\/old.timeforyou.io\/de\/wp-json\/wp\/v2\/product"}],"about":[{"href":"https:\/\/old.timeforyou.io\/de\/wp-json\/wp\/v2\/types\/product"}],"wp:featuredmedia":[{"embeddable":true,"href":"https:\/\/old.timeforyou.io\/de\/wp-json\/wp\/v2\/media\/30656"}],"wp:attachment":[{"href":"https:\/\/old.timeforyou.io\/de\/wp-json\/wp\/v2\/media?parent=31940"}],"wp:term":[{"taxonomy":"product_brand","embeddable":true,"href":"https:\/\/old.timeforyou.io\/de\/wp-json\/wp\/v2\/product_brand?post=31940"},{"taxonomy":"product_cat","embeddable":true,"href":"https:\/\/old.timeforyou.io\/de\/wp-json\/wp\/v2\/product_cat?post=31940"},{"taxonomy":"product_tag","embeddable":true,"href":"https:\/\/old.timeforyou.io\/de\/wp-json\/wp\/v2\/product_tag?post=31940"}],"curies":[{"name":"wp","href":"https:\/\/api.w.org\/{rel}","templated":true}]}}