{"id":31943,"date":"2023-05-11T18:18:52","date_gmt":"2023-05-11T16:18:52","guid":{"rendered":"https:\/\/old.timeforyou.io\/galeries-des-charmes\/domina-sarah\/"},"modified":"2023-05-11T18:18:52","modified_gmt":"2023-05-11T16:18:52","slug":"dominatrix-sarah","status":"publish","type":"product","link":"https:\/\/old.timeforyou.io\/de\/galeries-des-charmes\/dominatrix-sarah\/","title":{"rendered":"Domina Sarah"},"content":{"rendered":"<p>Hallo, meine Herren, ich bin eine VIP-Domina!<\/p>\n<p>Ich bin hier, um M\u00e4nnern ein Erlebnis der Entspannung, des Vergn\u00fcgens, der langen K\u00fcsse und des hei\u00dfen Sex zu bieten!<\/p>\n<p>Mit mir werden Sie Freuden entdecken, die Sie noch nie zuvor erlebt haben. Ich werde Sie mit wundersch\u00f6nen Dessous und einem s\u00fc\u00dfen Oralsex \u00fcberraschen &#8211; ich verspreche Ihnen, dass Sie das nicht vergessen werden.<\/p>\n<p>Dar\u00fcber hinaus bin ich auch auf BDSM-Dienste f\u00fcr Liebhaber dieser Praxis spezialisiert.<\/p>\n<p>Kontaktieren Sie mich \u00fcber WhatsApp und lassen Sie uns gemeinsam die besten Momente Ihres Lebens organisieren!<\/p>\n","protected":false},"excerpt":{"rendered":"<p>Ich f\u00fchle mich vom Au\u00dfergew\u00f6hnlichen angezogen, und deshalb wurde ich fast magisch in die Welt des BDSM hineingezogen.<\/p>\n<p>Ich bin eine authentische und luxuri\u00f6se Femme fatale, die wei\u00df, wie sie Sie mit ihrer Sinnlichkeit verr\u00fcckt machen kann.<\/p>\n<p>Ich sch\u00e4tze auch anregende und geistreiche Gespr\u00e4che. Humor ist f\u00fcr mich sehr wichtig und ich bin offen und spielerisch in meinen Begegnungen.<\/p>\n<p>Bei mir gibt es keinen &#8222;Plan F&#8220;, denn ich gebe gerne Raum und lasse die Dinge sich entwickeln.<\/p>\n<p>BDSM ist f\u00fcr mich die intelligenteste Form der Sexualit\u00e4t und bietet die M\u00f6glichkeit, sich selbst auf eine andere Art und Weise kennenzulernen. Ich bin eine stilvolle, anspruchsvolle und charmante Begleiterin f\u00fcr verschiedene Anl\u00e4sse.<\/p>\n<p>Beachten Sie, dass ich nur Dienstleistungen im Zusammenhang mit Fetischen und keinen Sex anbiete.<\/p>\n","protected":false},"featured_media":30642,"template":"","meta":{"inline_featured_image":false},"product_brand":[],"product_cat":[232,254,255,169],"product_tag":[],"class_list":{"0":"post-31943","1":"product","2":"type-product","3":"status-publish","4":"has-post-thumbnail","6":"product_cat-ein-funke","7":"product_cat-eine-auszeit-nehmen","8":"product_cat-eine-begegnung-machen","9":"product_cat-hostessen","11":"first","12":"instock","13":"featured","14":"virtual","15":"taxable","16":"product-type-simple"},"_links":{"self":[{"href":"https:\/\/old.timeforyou.io\/de\/wp-json\/wp\/v2\/product\/31943","targetHints":{"allow":["GET"]}}],"collection":[{"href":"https:\/\/old.timeforyou.io\/de\/wp-json\/wp\/v2\/product"}],"about":[{"href":"https:\/\/old.timeforyou.io\/de\/wp-json\/wp\/v2\/types\/product"}],"wp:featuredmedia":[{"embeddable":true,"href":"https:\/\/old.timeforyou.io\/de\/wp-json\/wp\/v2\/media\/30642"}],"wp:attachment":[{"href":"https:\/\/old.timeforyou.io\/de\/wp-json\/wp\/v2\/media?parent=31943"}],"wp:term":[{"taxonomy":"product_brand","embeddable":true,"href":"https:\/\/old.timeforyou.io\/de\/wp-json\/wp\/v2\/product_brand?post=31943"},{"taxonomy":"product_cat","embeddable":true,"href":"https:\/\/old.timeforyou.io\/de\/wp-json\/wp\/v2\/product_cat?post=31943"},{"taxonomy":"product_tag","embeddable":true,"href":"https:\/\/old.timeforyou.io\/de\/wp-json\/wp\/v2\/product_tag?post=31943"}],"curies":[{"name":"wp","href":"https:\/\/api.w.org\/{rel}","templated":true}]}}