{"id":31957,"date":"2023-05-11T17:17:42","date_gmt":"2023-05-11T15:17:42","guid":{"rendered":"https:\/\/old.timeforyou.io\/galeries-des-charmes\/anet\/"},"modified":"2023-05-15T16:47:00","modified_gmt":"2023-05-15T14:47:00","slug":"anet","status":"publish","type":"product","link":"https:\/\/old.timeforyou.io\/de\/galeries-des-charmes\/anet\/","title":{"rendered":"Anet"},"content":{"rendered":"<p>Anet ist weit mehr als nur eine luxuri\u00f6se Reisebegleiterin. Sie verspricht unvergessliche Erlebnisse und intensive Genussmomente. Mit seinem tadellosen Service verwandelt Anet jede Begegnung in ein einzigartiges Abenteuer, genau so, wie Sie es sich immer vorgestellt haben. Sie kann die Freuden variieren und schafft intime und ruhige Momente ebenso wie intensive und leidenschaftliche. Ihre Anwesenheit ist ein Geschenk an sich, und sie setzt ihre Talente mit Stolz ein, um Ihnen ein einzigartiges Erlebnis zu bieten. Anet ist eine Einladung zu unvergesslichen Erlebnissen, eine Gelegenheit, au\u00dfergew\u00f6hnliche Momente zu erleben. Z\u00f6gern Sie nicht l\u00e4nger, lassen Sie sich verf\u00fchren und entdecken Sie selbst den Zauber von Anet.<\/p>\n\t<div id=\"gap-1723892662\" class=\"gap-element clearfix\" style=\"display:block; height:auto;\">\n\t\t\n<style>\n#gap-1723892662 {\n  padding-top: 30px;\n}\n<\/style>\n\t<\/div>\n\t\n\n<div class=\"row\"  id=\"row-585334177\">\n\n\n\t<div id=\"col-933228197\" class=\"col medium-6 small-12 large-6\"  >\n\t\t\t\t<div class=\"col-inner\"  >\n\t\t\t\n\t\t\t\n\n<p style=\"text-align: center;\"><strong>\n  <span style=\"color: #0f416f;\">Sprachen<\/span>\n  <br>\n<\/strong>Franz\u00f6sisch \/ Englisch<\/p>\n<p style=\"text-align: center;\"><strong>\n  <span style=\"color: #0f416f;\">Nationalit\u00e4ten<\/span>\n  <br>\n<\/strong>Ukraine<\/p>\n<p style=\"text-align: center;\"><strong>\n  <span style=\"color: #0f416f;\">Gr\u00f6\u00dfe<\/span>\n  <br>\n<\/strong>174cm \/ 54kg<\/p>\n<p style=\"text-align: center;\"><strong>\n  <span style=\"color: #0f416f;\">Alter<\/span>\n  <br>\n<\/strong>23 Jahre<\/p>\n\n\t\t<\/div>\n\t\t\t\t\t<\/div>\n\n\t\n\n\t<div id=\"col-1446379342\" class=\"col medium-6 small-12 large-6\"  >\n\t\t\t\t<div class=\"col-inner\"  >\n\t\t\t\n\t\t\t\n\n<p style=\"text-align: center;\"><strong>\n  <span style=\"color: #0f416f;\">Stil der Kleidung<\/span>\n  <br>\n<\/strong>Eng anliegend und feminin, manchmal sexy<\/p>\n<p style=\"text-align: center;\"><strong>\n  <span style=\"color: #0f416f;\">Dessous<\/span>\n  <br>\n<\/strong>Geschlossenes Haus<\/p>\n<p style=\"text-align: center;\"><strong>\n  <span style=\"color: #0f416f;\">Lieblingsk\u00fcche &amp; -getr\u00e4nk<\/span>\n  <br>\n<\/strong>Alkoholfreier Cocktail<\/p>\n<p style=\"text-align: center;\"><strong>\n  <span style=\"color: #0f416f;\">Lieblingsparfum<\/span>\n  <br>\n<\/strong>J'adore by Dior<\/p>\n\n\t\t<\/div>\n\t\t\t\t\t<\/div>\n\n\t\n\n<\/div>\n","protected":false},"excerpt":{"rendered":"<p>Begeben Sie sich mit Anet, einer lebenden Verk\u00f6rperung der Lebensfreude, auf ein unvergessliches Abenteuer. Sie ist sinnlich, lebenslustig und unterhaltsam und wei\u00df, wie sie jeden Moment in eine Feier des Lebens verwandeln kann. Lassen Sie ihre k\u00f6stlichen Kurven und ihr s\u00fc\u00dfes L\u00e4cheln Ihre Sorgen schmelzen und bereiten Sie sich auf ein berauschendes Treffen vor.<\/p>\n","protected":false},"featured_media":30621,"template":"","meta":{"inline_featured_image":false},"product_brand":[],"product_cat":[232,254,255,169],"product_tag":[],"class_list":{"0":"post-31957","1":"product","2":"type-product","3":"status-publish","4":"has-post-thumbnail","6":"product_cat-ein-funke","7":"product_cat-eine-auszeit-nehmen","8":"product_cat-eine-begegnung-machen","9":"product_cat-hostessen","11":"first","12":"instock","13":"featured","14":"virtual","15":"taxable","16":"product-type-simple"},"_links":{"self":[{"href":"https:\/\/old.timeforyou.io\/de\/wp-json\/wp\/v2\/product\/31957","targetHints":{"allow":["GET"]}}],"collection":[{"href":"https:\/\/old.timeforyou.io\/de\/wp-json\/wp\/v2\/product"}],"about":[{"href":"https:\/\/old.timeforyou.io\/de\/wp-json\/wp\/v2\/types\/product"}],"wp:featuredmedia":[{"embeddable":true,"href":"https:\/\/old.timeforyou.io\/de\/wp-json\/wp\/v2\/media\/30621"}],"wp:attachment":[{"href":"https:\/\/old.timeforyou.io\/de\/wp-json\/wp\/v2\/media?parent=31957"}],"wp:term":[{"taxonomy":"product_brand","embeddable":true,"href":"https:\/\/old.timeforyou.io\/de\/wp-json\/wp\/v2\/product_brand?post=31957"},{"taxonomy":"product_cat","embeddable":true,"href":"https:\/\/old.timeforyou.io\/de\/wp-json\/wp\/v2\/product_cat?post=31957"},{"taxonomy":"product_tag","embeddable":true,"href":"https:\/\/old.timeforyou.io\/de\/wp-json\/wp\/v2\/product_tag?post=31957"}],"curies":[{"name":"wp","href":"https:\/\/api.w.org\/{rel}","templated":true}]}}