{"id":31964,"date":"2023-05-11T16:23:05","date_gmt":"2023-05-11T14:23:05","guid":{"rendered":"https:\/\/old.timeforyou.io\/galeries-des-charmes\/eva\/"},"modified":"2023-05-11T16:23:05","modified_gmt":"2023-05-11T14:23:05","slug":"eva","status":"publish","type":"product","link":"https:\/\/old.timeforyou.io\/de\/galeries-des-charmes\/eva\/","title":{"rendered":"Eva"},"content":{"rendered":"<div class=\"flex-shrink-0 flex flex-col relative items-end\">\n<div class=\"w-[30px]\">\n<div class=\"relative p-1 rounded-sm h-[30px] w-[30px] text-white flex items-center justify-center\">Hallo liebe\/r!<\/div>\n<\/p><\/div>\n<\/p><\/div>\n<div class=\"relative flex flex-col w-[calc(100%-50px)] gap-1 md:gap-3 lg:w-[calc(100%-115px)]\">\n<div class=\"flex flex-grow flex-col gap-3\">\n<div class=\"min-h-[20px] flex flex-col items-start gap-4 whitespace-pre-wrap break-words text-orange-500\">Ich hei\u00dfe Eva. Ich bin eine Luxusbegleiterin und biete einen hochwertigen Service an.<\/div>\n<div class=\"min-h-[20px] flex flex-col items-start gap-4 whitespace-pre-wrap break-words text-orange-500\">Ich bin hier, um Ihnen das zu geben, was Sie brauchen, und Ihre gr\u00f6\u00dften Fantasien zu verwirklichen.<\/div>\n<div class=\"min-h-[20px] flex flex-col items-start gap-4 whitespace-pre-wrap break-words text-orange-500\">Ich liebe es, die Freuden zu variieren, manchmal mit langsamem Sex mit sanften K\u00fcssen und Blickkontakt, und manchmal mit leidenschaftlichem, intensivem Sex!<\/div>\n<div class=\"min-h-[20px] flex flex-col items-start gap-4 whitespace-pre-wrap break-words text-orange-500\">Ich zeige gerne meinen K\u00f6rper und nutze meine F\u00e4higkeiten, um Ihnen eine einzigartige Erfahrung zu erm\u00f6glichen. Kontaktieren Sie mich ohne zu z\u00f6gern, um eine unvergessliche Zeit zu verbringen.<\/div>\n<\/p><\/div>\n<\/p><\/div>\n","protected":false},"excerpt":{"rendered":"<p>Ich bin eine sinnliche, leidenschaftliche, geheimnisvolle, verf\u00fchrerische, sexy und elegante Frau.<\/p>\n<p>Ich bin gerade erst in der Stadt angekommen und freue mich darauf, Sie kennenzulernen. Ich genie\u00dfe die sch\u00f6nen Momente und feiere gerne.<\/p>\n<p>Ich habe einen unglaublichen, hei\u00dfen K\u00f6rper. Ich biete die besten Dienstleistungen an. Ich liebe es, M\u00e4nnern eine unvergessliche Liebkosung zu geben!<\/p>\n<p>Ich biete einen sehr pers\u00f6nlichen Begleitservice an, ohne Hast und direkt auf Ihre Bed\u00fcrfnisse und W\u00fcnsche zugeschnitten! Ich m\u00f6chte Ihnen auf jeden Fall gute Gef\u00fchle bereiten!<\/p>\n<p>Immer gut gelaunt und bereit, Sie zu treffen! Ich bin die beste professionelle Freundin (GFE), die Sie je getroffen haben! Sie k\u00f6nnen alle Ihre Fantasien mit mir teilen&#8230; Der Zufriedenheit sind keine Grenzen gesetzt!<\/p>\n<p>Kontaktieren Sie mich, ich werde Sie nicht im Stich lassen!<\/p>\n","protected":false},"featured_media":30418,"template":"","meta":{"inline_featured_image":false},"product_brand":[],"product_cat":[232,254,255,169],"product_tag":[],"class_list":{"0":"post-31964","1":"product","2":"type-product","3":"status-publish","4":"has-post-thumbnail","6":"product_cat-ein-funke","7":"product_cat-eine-auszeit-nehmen","8":"product_cat-eine-begegnung-machen","9":"product_cat-hostessen","11":"first","12":"instock","13":"featured","14":"virtual","15":"taxable","16":"product-type-simple"},"_links":{"self":[{"href":"https:\/\/old.timeforyou.io\/de\/wp-json\/wp\/v2\/product\/31964","targetHints":{"allow":["GET"]}}],"collection":[{"href":"https:\/\/old.timeforyou.io\/de\/wp-json\/wp\/v2\/product"}],"about":[{"href":"https:\/\/old.timeforyou.io\/de\/wp-json\/wp\/v2\/types\/product"}],"wp:featuredmedia":[{"embeddable":true,"href":"https:\/\/old.timeforyou.io\/de\/wp-json\/wp\/v2\/media\/30418"}],"wp:attachment":[{"href":"https:\/\/old.timeforyou.io\/de\/wp-json\/wp\/v2\/media?parent=31964"}],"wp:term":[{"taxonomy":"product_brand","embeddable":true,"href":"https:\/\/old.timeforyou.io\/de\/wp-json\/wp\/v2\/product_brand?post=31964"},{"taxonomy":"product_cat","embeddable":true,"href":"https:\/\/old.timeforyou.io\/de\/wp-json\/wp\/v2\/product_cat?post=31964"},{"taxonomy":"product_tag","embeddable":true,"href":"https:\/\/old.timeforyou.io\/de\/wp-json\/wp\/v2\/product_tag?post=31964"}],"curies":[{"name":"wp","href":"https:\/\/api.w.org\/{rel}","templated":true}]}}