{"id":31981,"date":"2023-05-11T15:58:44","date_gmt":"2023-05-11T13:58:44","guid":{"rendered":"https:\/\/old.timeforyou.io\/galeries-des-charmes\/lola\/"},"modified":"2023-05-11T15:58:44","modified_gmt":"2023-05-11T13:58:44","slug":"lola","status":"publish","type":"product","link":"https:\/\/old.timeforyou.io\/de\/galeries-des-charmes\/lola\/","title":{"rendered":"Lola"},"content":{"rendered":"<p>Hallo!<\/p>\n<p>Mein Name ist Lola und ich bin ein M\u00e4dchen mit exotischem Aussehen aus Estland.<\/p>\n<p>Ich habe eine gro\u00dfe Vorliebe f\u00fcr die Gesellschaft von M\u00e4nnern und trage gerne sexy Dessous mit Str\u00fcmpfen, um einen Hauch von Verf\u00fchrung hinzuzuf\u00fcgen.<\/p>\n<p>Bei mir k\u00f6nnen Sie sich auf ein unvergessliches Erlebnis und die Erf\u00fcllung Ihrer tiefsten Fantasien freuen.<\/p>\n<p>Sagen Sie mir einfach, was Sie sich w\u00fcnschen, und ich werde es wahr werden lassen!<\/p>\n","protected":false},"excerpt":{"rendered":"<p>Ich bin eine unglaublich s\u00fc\u00dfe und warme junge Frau.<\/p>\n<p>Ich bin aufgeschlossen, liebe neue Erfahrungen und w\u00fcrde mich freuen, meine Erfahrungen mit dir zu teilen.<\/p>\n<p>Ich bin im idealen Alter f\u00fcr eine Frau, daher wei\u00df ich genau, was ich mag und was ein Mann braucht.<\/p>\n","protected":false},"featured_media":30530,"template":"","meta":{"inline_featured_image":false},"product_brand":[],"product_cat":[232,254,255,169],"product_tag":[],"class_list":{"0":"post-31981","1":"product","2":"type-product","3":"status-publish","4":"has-post-thumbnail","6":"product_cat-ein-funke","7":"product_cat-eine-auszeit-nehmen","8":"product_cat-eine-begegnung-machen","9":"product_cat-hostessen","11":"first","12":"instock","13":"featured","14":"virtual","15":"taxable","16":"product-type-simple"},"_links":{"self":[{"href":"https:\/\/old.timeforyou.io\/de\/wp-json\/wp\/v2\/product\/31981","targetHints":{"allow":["GET"]}}],"collection":[{"href":"https:\/\/old.timeforyou.io\/de\/wp-json\/wp\/v2\/product"}],"about":[{"href":"https:\/\/old.timeforyou.io\/de\/wp-json\/wp\/v2\/types\/product"}],"wp:featuredmedia":[{"embeddable":true,"href":"https:\/\/old.timeforyou.io\/de\/wp-json\/wp\/v2\/media\/30530"}],"wp:attachment":[{"href":"https:\/\/old.timeforyou.io\/de\/wp-json\/wp\/v2\/media?parent=31981"}],"wp:term":[{"taxonomy":"product_brand","embeddable":true,"href":"https:\/\/old.timeforyou.io\/de\/wp-json\/wp\/v2\/product_brand?post=31981"},{"taxonomy":"product_cat","embeddable":true,"href":"https:\/\/old.timeforyou.io\/de\/wp-json\/wp\/v2\/product_cat?post=31981"},{"taxonomy":"product_tag","embeddable":true,"href":"https:\/\/old.timeforyou.io\/de\/wp-json\/wp\/v2\/product_tag?post=31981"}],"curies":[{"name":"wp","href":"https:\/\/api.w.org\/{rel}","templated":true}]}}