{"id":31990,"date":"2023-05-11T15:41:33","date_gmt":"2023-05-11T13:41:33","guid":{"rendered":"https:\/\/old.timeforyou.io\/galeries-des-charmes\/naomi\/"},"modified":"2023-05-11T15:41:33","modified_gmt":"2023-05-11T13:41:33","slug":"naomi","status":"publish","type":"product","link":"https:\/\/old.timeforyou.io\/de\/galeries-des-charmes\/naomi\/","title":{"rendered":"Naomi"},"content":{"rendered":"<p>Hallo liebe Herren, ich bin Naomi, ein s\u00fc\u00dfes und nettes M\u00e4dchen, das Sex und gute Gesellschaft liebt!<\/p>\n<p>Ich bin bereit, Ihnen eine warme und liebevolle Form der Entspannung zu bieten, mit meinen Lippen, meiner Zunge, meinem Mund, meinem K\u00f6rper und nat\u00fcrlich meiner Muschi&#8230;<\/p>\n<p>Bis bald, mein Schatz!<\/p>\n","protected":false},"excerpt":{"rendered":"<p>Ich bin Expertin f\u00fcr intensiven Oralsex, genie\u00dfe aber auch die Liebkosungen Ihrer Zunge.<\/p>\n<p>Ich bin die ideale L\u00f6sung, um Ihnen einen echten Moment der Entspannung und ein unvergessliches Vergn\u00fcgen im Bett zu bieten!<\/p>\n<p>Mit meiner schlanken Silhouette und meinen festen Br\u00fcsten werden Sie schon auf den ersten Blick verf\u00fchrt.<\/p>\n<p>Meine Massage wird Sie alle M\u00fcdigkeit vergessen lassen, und mit meiner feurigen Zunge werde ich Sie die Realit\u00e4t vergessen lassen.<\/p>\n<p>Meine F\u00e4higkeiten beim Oralsex sind un\u00fcbertroffen und mein s\u00fc\u00dfer Mund wird Ihnen ein euphorisches Vergn\u00fcgen bereiten.<\/p>\n<p>Unsere sexuelle Beziehung wird voller \u00dcberraschungen sein, denn meine Fantasie ist grenzenlos. Ich verspreche Ihnen einen unvergesslichen Moment.<\/p>\n","protected":false},"featured_media":30481,"template":"","meta":{"inline_featured_image":false},"product_brand":[],"product_cat":[232,254,255,169],"product_tag":[],"class_list":{"0":"post-31990","1":"product","2":"type-product","3":"status-publish","4":"has-post-thumbnail","6":"product_cat-ein-funke","7":"product_cat-eine-auszeit-nehmen","8":"product_cat-eine-begegnung-machen","9":"product_cat-hostessen","11":"first","12":"instock","13":"featured","14":"virtual","15":"taxable","16":"product-type-simple"},"_links":{"self":[{"href":"https:\/\/old.timeforyou.io\/de\/wp-json\/wp\/v2\/product\/31990","targetHints":{"allow":["GET"]}}],"collection":[{"href":"https:\/\/old.timeforyou.io\/de\/wp-json\/wp\/v2\/product"}],"about":[{"href":"https:\/\/old.timeforyou.io\/de\/wp-json\/wp\/v2\/types\/product"}],"wp:featuredmedia":[{"embeddable":true,"href":"https:\/\/old.timeforyou.io\/de\/wp-json\/wp\/v2\/media\/30481"}],"wp:attachment":[{"href":"https:\/\/old.timeforyou.io\/de\/wp-json\/wp\/v2\/media?parent=31990"}],"wp:term":[{"taxonomy":"product_brand","embeddable":true,"href":"https:\/\/old.timeforyou.io\/de\/wp-json\/wp\/v2\/product_brand?post=31990"},{"taxonomy":"product_cat","embeddable":true,"href":"https:\/\/old.timeforyou.io\/de\/wp-json\/wp\/v2\/product_cat?post=31990"},{"taxonomy":"product_tag","embeddable":true,"href":"https:\/\/old.timeforyou.io\/de\/wp-json\/wp\/v2\/product_tag?post=31990"}],"curies":[{"name":"wp","href":"https:\/\/api.w.org\/{rel}","templated":true}]}}