{"id":31679,"date":"2022-11-20T01:17:02","date_gmt":"2022-11-20T00:17:02","guid":{"rendered":"https:\/\/old.timeforyou.io\/galeries-des-charmes\/experimente-un-encuentro-erotico-con-una-escort-en-zurich-con-nuestra-joven-suiza-carolina\/"},"modified":"2023-05-16T17:46:28","modified_gmt":"2023-05-16T15:46:28","slug":"acompanantes","status":"publish","type":"product","link":"https:\/\/old.timeforyou.io\/es\/galeries-des-charmes\/acompanantes\/","title":{"rendered":"Experimente un encuentro er\u00f3tico con una escort en Z\u00farich con nuestra joven suiza Carolina"},"content":{"rendered":"<p>High Class Escort Lady Carolina de Joy Escort Z\u00fcrich tiene una actitud joven y fresca. Es muy aventurera y emprendedora. Con Carolina, puedes tener un d\u00eda ajetreado. \u00bfQu\u00e9 tal ir de compras o dar un paseo? Nuestra escolta VIP Carolina est\u00e1 preparada para cualquier actividad.<br \/>\nIncluso cuando se trata de divertirse, Carolina de Z\u00farich sabe exactamente qu\u00e9 hacer. A\u00fan puede disfrutar de una deliciosa cena con este epic\u00fareo y darse un capricho. Tambi\u00e9n est\u00e1 siempre disponible para tomar un delicioso c\u00f3ctel. Si busca un contacto sensual y horas de pasi\u00f3n, la escort Lady Carolina de Z\u00farich es la compa\u00f1era ideal.<br \/>\nD\u00e9jese llevar y disfrute del juego er\u00f3tico. Nuestra escolta de primera clase Carolina le mimar\u00e1 de la mejor manera posible. \u00bfLe gusta ser activo y dominante? As\u00ed que Carolina asume su papel y te da las riendas. No importa qu\u00e9 fantas\u00edas que siempre has querido cumplir &#8211; con Carolina de Joy Escort Zurich, que est\u00e1 seguro de experimentar el \u00e9xtasis puro.<\/p>\n","protected":false},"excerpt":{"rendered":"<p>High Class Escort Lady Carolina de Joy Escort Z\u00fcrich tiene una actitud joven y fresca. Es muy aventurera y emprendedora. Con Carolina, puedes tener un d\u00eda ajetreado. \u00bfQu\u00e9 tal ir de compras o dar un paseo? Nuestra escolta VIP Carolina est\u00e1 preparada para cualquier actividad.<\/p>\n","protected":false},"featured_media":29714,"template":"","meta":{"inline_featured_image":false},"product_brand":[],"product_cat":[185],"product_tag":[186],"class_list":{"0":"post-31679","1":"product","2":"type-product","3":"status-publish","4":"has-post-thumbnail","6":"product_cat-azafatas","7":"product_tag-disponible-en-lausana","9":"first","10":"instock","11":"featured","12":"taxable","13":"shipping-taxable","14":"product-type-external"},"_links":{"self":[{"href":"https:\/\/old.timeforyou.io\/es\/wp-json\/wp\/v2\/product\/31679","targetHints":{"allow":["GET"]}}],"collection":[{"href":"https:\/\/old.timeforyou.io\/es\/wp-json\/wp\/v2\/product"}],"about":[{"href":"https:\/\/old.timeforyou.io\/es\/wp-json\/wp\/v2\/types\/product"}],"wp:featuredmedia":[{"embeddable":true,"href":"https:\/\/old.timeforyou.io\/es\/wp-json\/wp\/v2\/media\/29714"}],"wp:attachment":[{"href":"https:\/\/old.timeforyou.io\/es\/wp-json\/wp\/v2\/media?parent=31679"}],"wp:term":[{"taxonomy":"product_brand","embeddable":true,"href":"https:\/\/old.timeforyou.io\/es\/wp-json\/wp\/v2\/product_brand?post=31679"},{"taxonomy":"product_cat","embeddable":true,"href":"https:\/\/old.timeforyou.io\/es\/wp-json\/wp\/v2\/product_cat?post=31679"},{"taxonomy":"product_tag","embeddable":true,"href":"https:\/\/old.timeforyou.io\/es\/wp-json\/wp\/v2\/product_tag?post=31679"}],"curies":[{"name":"wp","href":"https:\/\/api.w.org\/{rel}","templated":true}]}}