{"id":31817,"date":"2023-05-11T19:15:04","date_gmt":"2023-05-11T17:15:04","guid":{"rendered":"https:\/\/old.timeforyou.io\/galeries-des-charmes\/emanuela\/"},"modified":"2023-05-15T14:15:44","modified_gmt":"2023-05-15T12:15:44","slug":"emanuela","status":"publish","type":"product","link":"https:\/\/old.timeforyou.io\/es\/galeries-des-charmes\/emanuela\/","title":{"rendered":"Emanuela"},"content":{"rendered":"<p>Estimados caballeros, perm\u00edtanme presentarles a Emanuela, la modelo escort de nuestro perfil VIP.<\/p>\n<p>S\u00f3lo est\u00e1 disponible en los lugares m\u00e1s lujosos: hoteles de cinco estrellas, residencias de prestigio, bares de moda y restaurantes refinados.<\/p>\n<p>No pierdas tiempo, consulta las tarifas antes de ponerte en contacto con ella y aseg\u00farate de que puedes permitirte esta experiencia \u00fanica. No buscamos cantidad sino calidad, s\u00f3lo nos reunimos con caballeros poderosos, exitosos y triunfadores.<\/p>\n<p>Aqu\u00ed no hay lugar para los peque\u00f1os jugadores. Emanuela es una chica de alto nivel que ofrece una experiencia de novia inolvidable (GFE). Tambi\u00e9n es el alma de la fiesta, siempre dispuesta a divertirse.<\/p>\n<p>Es deportista y activa, va regularmente al gimnasio y disfruta de largos paseos por los parques.<\/p>\n<p>Tambi\u00e9n es una apasionada del cine y la literatura. En su tiempo libre, se dedica a pintar o a descubrir nuevas delicias culinarias.<\/p>\n<p>Conocer a Emanuela es una experiencia inolvidable que le proporcionar\u00e1 un verdadero placer. Concierta una cita con al menos 3-5 horas de antelaci\u00f3n enviando un mensaje por WhatsApp con una breve presentaci\u00f3n tuya. XXX<\/p>\n\t<div id=\"gap-2031816532\" class=\"gap-element clearfix\" style=\"display:block; height:auto;\">\n\t\t\n<style>\n#gap-2031816532 {\n  padding-top: 30px;\n}\n<\/style>\n\t<\/div>\n\t\n\n<div class=\"row\"  id=\"row-1554935584\">\n\n\n\t<div id=\"col-1157805372\" class=\"col medium-6 small-12 large-6\"  >\n\t\t\t\t<div class=\"col-inner\"  >\n\t\t\t\n\t\t\t\n\n<p style=\"text-align: center;\"><strong>\n  <span style=\"color: #0f416f;\">Idiomas<\/span>\n  <br>\n<\/strong>franc\u00e9s \/ ingl\u00e9s<\/p>\n<p style=\"text-align: center;\"><strong>\n  <span style=\"color: #0f416f;\">Nacionalidades<\/span>\n  <br>\n<\/strong>Ucrania<\/p>\n<p style=\"text-align: center;\"><strong>\n  <span style=\"color: #0f416f;\">Talla<\/span>\n  <br>\n<\/strong>174 cm \/ 54 kg<\/p>\n<p style=\"text-align: center;\"><strong>\n  <span style=\"color: #0f416f;\">Edad<\/span>\n  <br>\n<\/strong>23 a\u00f1os<\/p>\n\n\t\t<\/div>\n\t\t\t\t\t<\/div>\n\n\t\n\n\t<div id=\"col-1618844819\" class=\"col medium-6 small-12 large-6\"  >\n\t\t\t\t<div class=\"col-inner\"  >\n\t\t\t\n\t\t\t\n\n<p style=\"text-align: center;\"><strong>\n  <span style=\"color: #0f416f;\">Estilo de vestir<\/span>\n  <br>\n<\/strong>Delgado y femenino, a veces sexy<\/p>\n<p style=\"text-align: center;\"><strong>\n  <span style=\"color: #0f416f;\">Lencer\u00eda<\/span>\n  <br>\n<\/strong>Maison Close<\/p>\n<p style=\"text-align: center;\"><strong>\n  <span style=\"color: #0f416f;\">Comida y bebida favorita<\/span>\n  <br>\n<\/strong>C\u00f3cteles sin alcohol<\/p>\n<p style=\"text-align: center;\"><strong>\n  <span style=\"color: #0f416f;\">Fragancia favorita<\/span>\n  <br>\n<\/strong>J'adore de Dior<\/p>\n\n\t\t<\/div>\n\t\t\t\t\t<\/div>\n\n\t\n\n<\/div>\n","protected":false},"excerpt":{"rendered":"<p>Querido amigo, perm\u00edteme que te conf\u00ede mis deseos m\u00e1s \u00edntimos: soy una joven apasionada que aspira a satisfacer todos tus deseos y a ofrecerte el mayor de los placeres.<\/p>\n<p>Estoy dispuesta a hacer cualquier cosa para que nuestro tiempo juntos sea intenso e inolvidable.<\/p>\n","protected":false},"featured_media":30589,"template":"","meta":{"inline_featured_image":false},"product_brand":[],"product_cat":[185,214,213,211],"product_tag":[],"class_list":{"0":"post-31817","1":"product","2":"type-product","3":"status-publish","4":"has-post-thumbnail","6":"product_cat-azafatas","7":"product_cat-celebrar-una-reunion","8":"product_cat-tomarse-un-descanso","9":"product_cat-una-chispa","11":"first","12":"instock","13":"featured","14":"taxable","15":"shipping-taxable","16":"product-type-simple"},"_links":{"self":[{"href":"https:\/\/old.timeforyou.io\/es\/wp-json\/wp\/v2\/product\/31817","targetHints":{"allow":["GET"]}}],"collection":[{"href":"https:\/\/old.timeforyou.io\/es\/wp-json\/wp\/v2\/product"}],"about":[{"href":"https:\/\/old.timeforyou.io\/es\/wp-json\/wp\/v2\/types\/product"}],"wp:featuredmedia":[{"embeddable":true,"href":"https:\/\/old.timeforyou.io\/es\/wp-json\/wp\/v2\/media\/30589"}],"wp:attachment":[{"href":"https:\/\/old.timeforyou.io\/es\/wp-json\/wp\/v2\/media?parent=31817"}],"wp:term":[{"taxonomy":"product_brand","embeddable":true,"href":"https:\/\/old.timeforyou.io\/es\/wp-json\/wp\/v2\/product_brand?post=31817"},{"taxonomy":"product_cat","embeddable":true,"href":"https:\/\/old.timeforyou.io\/es\/wp-json\/wp\/v2\/product_cat?post=31817"},{"taxonomy":"product_tag","embeddable":true,"href":"https:\/\/old.timeforyou.io\/es\/wp-json\/wp\/v2\/product_tag?post=31817"}],"curies":[{"name":"wp","href":"https:\/\/api.w.org\/{rel}","templated":true}]}}