{"id":31889,"date":"2023-05-11T15:26:50","date_gmt":"2023-05-11T13:26:50","guid":{"rendered":"https:\/\/old.timeforyou.io\/galeries-des-charmes\/masha\/"},"modified":"2023-05-11T15:26:50","modified_gmt":"2023-05-11T13:26:50","slug":"masha","status":"publish","type":"product","link":"https:\/\/old.timeforyou.io\/es\/galeries-des-charmes\/masha\/","title":{"rendered":"Masha"},"content":{"rendered":"<p>\u00a1Hola beb\u00e9!<\/p>\n<p>Me llamo Masha y soy una chica juguetona con un gran sentido del humor, de mente muy abierta y actitud relajada. Me gusta conocer hombres rom\u00e1nticos y educados, que siempre cuidan los sentimientos de las mujeres.<\/p>\n<p>Disfrutar\u00e9is de cada minuto juntos y recordar\u00e9is la sensaci\u00f3n de felicidad y placer&#8230;<\/p>\n<p>Soy una dama encantadora con un cuerpo sexy, y prefiero conocer hombres bien educados, cari\u00f1osos y bien arreglados. Soy muy discreta y de confianza, y estoy disponible para citas de guardia o en la carretera.<\/p>\n<p>Mi objetivo es conocer hombres de buen gusto con los que pueda establecer una relaci\u00f3n mutuamente beneficiosa. Mis fotos son reales y s\u00f3lo respondo a propuestas concretas y decentes.<\/p>\n<p>No lo dudes, \u00a1m\u00e1ndame un mensaje por WhatsApp! Beso, Masha.<\/p>\n","protected":false},"excerpt":{"rendered":"<p>Soy una dama encantadora con un cuerpo sexy, y prefiero conocer hombres bien educados, cari\u00f1osos y bien arreglados.<\/p>\n<p>Soy muy discreta y de confianza, y estoy disponible para citas de guardia o en la carretera.<\/p>\n<p>Mi objetivo es conocer hombres de buen gusto con los que pueda establecer una relaci\u00f3n mutuamente beneficiosa.<\/p>\n<p>Mis fotos son reales y s\u00f3lo respondo a propuestas concretas y decentes.<\/p>\n","protected":false},"featured_media":30456,"template":"","meta":{"inline_featured_image":false},"product_brand":[],"product_cat":[185,214,213,211],"product_tag":[],"class_list":{"0":"post-31889","1":"product","2":"type-product","3":"status-publish","4":"has-post-thumbnail","6":"product_cat-azafatas","7":"product_cat-celebrar-una-reunion","8":"product_cat-tomarse-un-descanso","9":"product_cat-una-chispa","11":"first","12":"instock","13":"featured","14":"virtual","15":"taxable","16":"product-type-simple"},"_links":{"self":[{"href":"https:\/\/old.timeforyou.io\/es\/wp-json\/wp\/v2\/product\/31889","targetHints":{"allow":["GET"]}}],"collection":[{"href":"https:\/\/old.timeforyou.io\/es\/wp-json\/wp\/v2\/product"}],"about":[{"href":"https:\/\/old.timeforyou.io\/es\/wp-json\/wp\/v2\/types\/product"}],"wp:featuredmedia":[{"embeddable":true,"href":"https:\/\/old.timeforyou.io\/es\/wp-json\/wp\/v2\/media\/30456"}],"wp:attachment":[{"href":"https:\/\/old.timeforyou.io\/es\/wp-json\/wp\/v2\/media?parent=31889"}],"wp:term":[{"taxonomy":"product_brand","embeddable":true,"href":"https:\/\/old.timeforyou.io\/es\/wp-json\/wp\/v2\/product_brand?post=31889"},{"taxonomy":"product_cat","embeddable":true,"href":"https:\/\/old.timeforyou.io\/es\/wp-json\/wp\/v2\/product_cat?post=31889"},{"taxonomy":"product_tag","embeddable":true,"href":"https:\/\/old.timeforyou.io\/es\/wp-json\/wp\/v2\/product_tag?post=31889"}],"curies":[{"name":"wp","href":"https:\/\/api.w.org\/{rel}","templated":true}]}}