{"id":31906,"date":"2023-05-11T19:03:48","date_gmt":"2023-05-11T17:03:48","guid":{"rendered":"https:\/\/old.timeforyou.io\/galeries-des-charmes\/kira\/"},"modified":"2023-05-15T14:17:30","modified_gmt":"2023-05-15T12:17:30","slug":"kira","status":"publish","type":"product","link":"https:\/\/old.timeforyou.io\/es\/galeries-des-charmes\/kira\/","title":{"rendered":"Kira"},"content":{"rendered":"<p>Mi cuerpo perfecto te seducir\u00e1, pero eso no es todo. Mi presencia tranquilizadora y mi actitud cari\u00f1osa le har\u00e1n sentirse seguro, relajado y en paz. Estoy aqu\u00ed para proporcionarle una experiencia que superar\u00e1 sus expectativas. D\u00e9jame mostrarte lo que puedo ofrecerte con mi pasi\u00f3n por la vida y mi deseo de hacer que cada momento contigo sea inolvidable. Nunca encontrar\u00e1s un momento aburrido o mec\u00e1nico en mi compa\u00f1\u00eda, ya que me aseguro de que cada momento que pasemos juntos est\u00e9 lleno de risas, sonrisas y momentos rom\u00e1nticos. Conf\u00eda en m\u00ed para llevarte al \u00e9xtasis, sin ninguna connotaci\u00f3n sexual directa, y haz que quieras verme una y otra vez. Conmigo vivir\u00e1s una experiencia genuina y sincera, que permanecer\u00e1 en tu coraz\u00f3n y en tu mente mucho despu\u00e9s de que nos hayamos despedido.<\/p>\n\t<div id=\"gap-698479253\" class=\"gap-element clearfix\" style=\"display:block; height:auto;\">\n\t\t\n<style>\n#gap-698479253 {\n  padding-top: 30px;\n}\n<\/style>\n\t<\/div>\n\t\n\n<div class=\"row\"  id=\"row-1314782838\">\n\n\n\t<div id=\"col-1767715640\" class=\"col medium-6 small-12 large-6\"  >\n\t\t\t\t<div class=\"col-inner\"  >\n\t\t\t\n\t\t\t\n\n<p style=\"text-align: center;\"><strong>\n  <span style=\"color: #0f416f;\">Idiomas<\/span>\n  <br>\n<\/strong>franc\u00e9s \/ ingl\u00e9s<\/p>\n<p style=\"text-align: center;\"><strong>\n  <span style=\"color: #0f416f;\">Nacionalidades<\/span>\n  <br>\n<\/strong>Ucrania<\/p>\n<p style=\"text-align: center;\"><strong>\n  <span style=\"color: #0f416f;\">Talla<\/span>\n  <br>\n<\/strong>174 cm \/ 54 kg<\/p>\n<p style=\"text-align: center;\"><strong>\n  <span style=\"color: #0f416f;\">Edad<\/span>\n  <br>\n<\/strong>23 a\u00f1os<\/p>\n\n\t\t<\/div>\n\t\t\t\t\t<\/div>\n\n\t\n\n\t<div id=\"col-553868621\" class=\"col medium-6 small-12 large-6\"  >\n\t\t\t\t<div class=\"col-inner\"  >\n\t\t\t\n\t\t\t\n\n<p style=\"text-align: center;\"><strong>\n  <span style=\"color: #0f416f;\">Estilo de vestir<\/span>\n  <br>\n<\/strong>Delgado y femenino, a veces sexy<\/p>\n<p style=\"text-align: center;\"><strong>\n  <span style=\"color: #0f416f;\">Lencer\u00eda<\/span>\n  <br>\n<\/strong>Maison Close<\/p>\n<p style=\"text-align: center;\"><strong>\n  <span style=\"color: #0f416f;\">Comida y bebida favorita<\/span>\n  <br>\n<\/strong>C\u00f3cteles sin alcohol<\/p>\n<p style=\"text-align: center;\"><strong>\n  <span style=\"color: #0f416f;\">Fragancia favorita<\/span>\n  <br>\n<\/strong>J'adore de Dior<\/p>\n\n\t\t<\/div>\n\t\t\t\t\t<\/div>\n\n\t\n\n<\/div>\n","protected":false},"excerpt":{"rendered":"<p>Hola, soy Kira, una joven de sonrisa radiante que te cautivar\u00e1 con su dulzura y sensualidad. Estoy aqu\u00ed para ofrecerte un momento \u00fanico de evasi\u00f3n, lleno de ternura y pasi\u00f3n. Perm\u00edtame llevarle a un mundo donde se despertar\u00e1n todos sus sentidos, donde el tiempo se detiene y s\u00f3lo cuenta la magia del momento presente.<\/p>\n","protected":false},"featured_media":30561,"template":"","meta":{"inline_featured_image":false},"product_brand":[],"product_cat":[185,214,213,211],"product_tag":[],"class_list":{"0":"post-31906","1":"product","2":"type-product","3":"status-publish","4":"has-post-thumbnail","6":"product_cat-azafatas","7":"product_cat-celebrar-una-reunion","8":"product_cat-tomarse-un-descanso","9":"product_cat-una-chispa","11":"first","12":"instock","13":"featured","14":"taxable","15":"shipping-taxable","16":"product-type-simple"},"_links":{"self":[{"href":"https:\/\/old.timeforyou.io\/es\/wp-json\/wp\/v2\/product\/31906","targetHints":{"allow":["GET"]}}],"collection":[{"href":"https:\/\/old.timeforyou.io\/es\/wp-json\/wp\/v2\/product"}],"about":[{"href":"https:\/\/old.timeforyou.io\/es\/wp-json\/wp\/v2\/types\/product"}],"wp:featuredmedia":[{"embeddable":true,"href":"https:\/\/old.timeforyou.io\/es\/wp-json\/wp\/v2\/media\/30561"}],"wp:attachment":[{"href":"https:\/\/old.timeforyou.io\/es\/wp-json\/wp\/v2\/media?parent=31906"}],"wp:term":[{"taxonomy":"product_brand","embeddable":true,"href":"https:\/\/old.timeforyou.io\/es\/wp-json\/wp\/v2\/product_brand?post=31906"},{"taxonomy":"product_cat","embeddable":true,"href":"https:\/\/old.timeforyou.io\/es\/wp-json\/wp\/v2\/product_cat?post=31906"},{"taxonomy":"product_tag","embeddable":true,"href":"https:\/\/old.timeforyou.io\/es\/wp-json\/wp\/v2\/product_tag?post=31906"}],"curies":[{"name":"wp","href":"https:\/\/api.w.org\/{rel}","templated":true}]}}