{"id":31932,"date":"2023-05-11T18:37:04","date_gmt":"2023-05-11T16:37:04","guid":{"rendered":"https:\/\/old.timeforyou.io\/galeries-des-charmes\/antonella\/"},"modified":"2023-05-15T14:26:02","modified_gmt":"2023-05-15T12:26:02","slug":"antonella","status":"publish","type":"product","link":"https:\/\/old.timeforyou.io\/es\/galeries-des-charmes\/antonella\/","title":{"rendered":"Antonella"},"content":{"rendered":"<p>Puede que mi cuerpo esbelto de modelo, mi pelo negro y mis rasgos mediterr\u00e1neos cl\u00e1sicos te hayan llamado la atenci\u00f3n. Pero d\u00e9jame decirte que soy mucho m\u00e1s que una apariencia. Soy una mujer a la que le encanta explorar el mundo y sus diversas culturas. Me siento igual de c\u00f3moda en zapatillas que con tacones, y me apasiona el desarrollo personal y espiritual. Elijo cuidadosamente a mis pretendientes, para ofrecerles una experiencia que sea algo m\u00e1s que una cita. Soy una acompa\u00f1ante elegante que puede acompa\u00f1arle en cualquier ocasi\u00f3n, ya sea para una velada \u00edntima o una salida cultural. Vivo en Madrid, pero estar\u00e9 encantada de reunirme contigo en la ciudad que elijas. En mi compa\u00f1\u00eda encontrar\u00e1s un espacio acogedor y una conciencia de la mente, el esp\u00edritu y el cuerpo. Si desea ponerse en contacto conmigo, facil\u00edtenos una breve informaci\u00f3n sobre usted. Para reservar una fecha, tambi\u00e9n se requiere un dep\u00f3sito. Estoy deseando conocerle.<\/p>\n\t<div id=\"gap-47552876\" class=\"gap-element clearfix\" style=\"display:block; height:auto;\">\n\t\t\n<style>\n#gap-47552876 {\n  padding-top: 30px;\n}\n<\/style>\n\t<\/div>\n\t\n\n<div class=\"row\"  id=\"row-1817227631\">\n\n\n\t<div id=\"col-1968156864\" class=\"col medium-6 small-12 large-6\"  >\n\t\t\t\t<div class=\"col-inner\"  >\n\t\t\t\n\t\t\t\n\n<p style=\"text-align: center;\"><strong>\n  <span style=\"color: #0f416f;\">Idiomas<\/span>\n  <br>\n<\/strong>franc\u00e9s \/ ingl\u00e9s<\/p>\n<p style=\"text-align: center;\"><strong>\n  <span style=\"color: #0f416f;\">Nacionalidades<\/span>\n  <br>\n<\/strong>Ucrania<\/p>\n<p style=\"text-align: center;\"><strong>\n  <span style=\"color: #0f416f;\">Talla<\/span>\n  <br>\n<\/strong>174 cm \/ 54 kg<\/p>\n<p style=\"text-align: center;\"><strong>\n  <span style=\"color: #0f416f;\">Edad<\/span>\n  <br>\n<\/strong>23 a\u00f1os<\/p>\n\n\t\t<\/div>\n\t\t\t\t\t<\/div>\n\n\t\n\n\t<div id=\"col-1626357306\" class=\"col medium-6 small-12 large-6\"  >\n\t\t\t\t<div class=\"col-inner\"  >\n\t\t\t\n\t\t\t\n\n<p style=\"text-align: center;\"><strong>\n  <span style=\"color: #0f416f;\">Estilo de vestir<\/span>\n  <br>\n<\/strong>Delgado y femenino, a veces sexy<\/p>\n<p style=\"text-align: center;\"><strong>\n  <span style=\"color: #0f416f;\">Lencer\u00eda<\/span>\n  <br>\n<\/strong>Maison Close<\/p>\n<p style=\"text-align: center;\"><strong>\n  <span style=\"color: #0f416f;\">Comida y bebida favorita<\/span>\n  <br>\n<\/strong>C\u00f3cteles sin alcohol<\/p>\n<p style=\"text-align: center;\"><strong>\n  <span style=\"color: #0f416f;\">Fragancia favorita<\/span>\n  <br>\n<\/strong>J'adore de Dior<\/p>\n\n\t\t<\/div>\n\t\t\t\t\t<\/div>\n\n\t\n\n<\/div>\n","protected":false},"excerpt":{"rendered":"<p>Hola, soy Antonella y es un placer conocerte. Si busca una mujer \u00fanica, sofisticada y culta, ha llegado al lugar adecuado.<\/p>\n","protected":false},"featured_media":30442,"template":"","meta":{"inline_featured_image":false},"product_brand":[],"product_cat":[185,214,213,211],"product_tag":[],"class_list":{"0":"post-31932","1":"product","2":"type-product","3":"status-publish","4":"has-post-thumbnail","6":"product_cat-azafatas","7":"product_cat-celebrar-una-reunion","8":"product_cat-tomarse-un-descanso","9":"product_cat-una-chispa","11":"first","12":"instock","13":"featured","14":"virtual","15":"taxable","16":"product-type-simple"},"_links":{"self":[{"href":"https:\/\/old.timeforyou.io\/es\/wp-json\/wp\/v2\/product\/31932","targetHints":{"allow":["GET"]}}],"collection":[{"href":"https:\/\/old.timeforyou.io\/es\/wp-json\/wp\/v2\/product"}],"about":[{"href":"https:\/\/old.timeforyou.io\/es\/wp-json\/wp\/v2\/types\/product"}],"wp:featuredmedia":[{"embeddable":true,"href":"https:\/\/old.timeforyou.io\/es\/wp-json\/wp\/v2\/media\/30442"}],"wp:attachment":[{"href":"https:\/\/old.timeforyou.io\/es\/wp-json\/wp\/v2\/media?parent=31932"}],"wp:term":[{"taxonomy":"product_brand","embeddable":true,"href":"https:\/\/old.timeforyou.io\/es\/wp-json\/wp\/v2\/product_brand?post=31932"},{"taxonomy":"product_cat","embeddable":true,"href":"https:\/\/old.timeforyou.io\/es\/wp-json\/wp\/v2\/product_cat?post=31932"},{"taxonomy":"product_tag","embeddable":true,"href":"https:\/\/old.timeforyou.io\/es\/wp-json\/wp\/v2\/product_tag?post=31932"}],"curies":[{"name":"wp","href":"https:\/\/api.w.org\/{rel}","templated":true}]}}