{"id":31948,"date":"2023-05-11T18:13:02","date_gmt":"2023-05-11T16:13:02","guid":{"rendered":"https:\/\/old.timeforyou.io\/galeries-des-charmes\/emma\/"},"modified":"2023-05-11T18:13:02","modified_gmt":"2023-05-11T16:13:02","slug":"emma","status":"publish","type":"product","link":"https:\/\/old.timeforyou.io\/es\/galeries-des-charmes\/emma\/","title":{"rendered":"Emma"},"content":{"rendered":"<p>Hola, me llamo Emma.<\/p>\n<p>\u00a1Soy una bella, apasionada y sexy modelo escort!<\/p>\n<p>Mis deliciosas curvas, mis pechos y mi dulce sonrisa derretir\u00e1n tus preocupaciones y tu estr\u00e9s, \u00a1despertando todos tus sentidos!<\/p>\n<p>Cuando nos conozcamos, te sentir\u00e1s a gusto enseguida y podremos ponernos c\u00f3modos juntos en poco tiempo.<\/p>\n<p>\u00a1Besos y hasta pronto!<\/p>\n","protected":false},"excerpt":{"rendered":"<p>Soy una belleza exquisita envuelta en elegancia.<\/p>\n<p>\u00a1Con mi aspecto impresionante, curvas incre\u00edbles y profundos ojos marrones sexy, soy una opci\u00f3n muy popular para el hombre aventurero que busca experimentar y disfrutar de una experiencia muy diferente!<\/p>\n<p>Ser\u00e9 tu compa\u00f1era segura y cari\u00f1osa para explorar todos los aspectos de tu sexualidad&#8230;<\/p>\n","protected":false},"featured_media":30659,"template":"","meta":{"inline_featured_image":false},"product_brand":[],"product_cat":[185,214,213,211],"product_tag":[],"class_list":{"0":"post-31948","1":"product","2":"type-product","3":"status-publish","4":"has-post-thumbnail","6":"product_cat-azafatas","7":"product_cat-celebrar-una-reunion","8":"product_cat-tomarse-un-descanso","9":"product_cat-una-chispa","11":"first","12":"instock","13":"featured","14":"virtual","15":"taxable","16":"product-type-simple"},"_links":{"self":[{"href":"https:\/\/old.timeforyou.io\/es\/wp-json\/wp\/v2\/product\/31948","targetHints":{"allow":["GET"]}}],"collection":[{"href":"https:\/\/old.timeforyou.io\/es\/wp-json\/wp\/v2\/product"}],"about":[{"href":"https:\/\/old.timeforyou.io\/es\/wp-json\/wp\/v2\/types\/product"}],"wp:featuredmedia":[{"embeddable":true,"href":"https:\/\/old.timeforyou.io\/es\/wp-json\/wp\/v2\/media\/30659"}],"wp:attachment":[{"href":"https:\/\/old.timeforyou.io\/es\/wp-json\/wp\/v2\/media?parent=31948"}],"wp:term":[{"taxonomy":"product_brand","embeddable":true,"href":"https:\/\/old.timeforyou.io\/es\/wp-json\/wp\/v2\/product_brand?post=31948"},{"taxonomy":"product_cat","embeddable":true,"href":"https:\/\/old.timeforyou.io\/es\/wp-json\/wp\/v2\/product_cat?post=31948"},{"taxonomy":"product_tag","embeddable":true,"href":"https:\/\/old.timeforyou.io\/es\/wp-json\/wp\/v2\/product_tag?post=31948"}],"curies":[{"name":"wp","href":"https:\/\/api.w.org\/{rel}","templated":true}]}}