{"id":31953,"date":"2023-05-11T18:52:31","date_gmt":"2023-05-11T16:52:31","guid":{"rendered":"https:\/\/old.timeforyou.io\/galeries-des-charmes\/nikki\/"},"modified":"2023-05-16T00:59:55","modified_gmt":"2023-05-15T22:59:55","slug":"nikki","status":"publish","type":"product","link":"https:\/\/old.timeforyou.io\/es\/galeries-des-charmes\/nikki\/","title":{"rendered":"Nikki"},"content":{"rendered":"<p>Nikki es una verdadera artista en el arte de la seducci\u00f3n y se asegurar\u00e1 de que pases un rato inolvidable con ella. Te llevar\u00e1 a lugares en los que nunca has estado y te introducir\u00e1 en nuevas experiencias sin hacerte sentir inc\u00f3modo. Esta belleza natural ofrece la experiencia de novia definitiva que le transportar\u00e1 m\u00e1s all\u00e1 de sus sue\u00f1os m\u00e1s salvajes. D\u00e9jate seducir por su encanto y enam\u00f3rate de esta diosa sensual que te har\u00e1 descubrir nuevas sensaciones y emociones.<\/p>\n\t<div id=\"gap-1633331898\" class=\"gap-element clearfix\" style=\"display:block; height:auto;\">\n\t\t\n<style>\n#gap-1633331898 {\n  padding-top: 30px;\n}\n<\/style>\n\t<\/div>\n\t\n\n<div class=\"row\"  id=\"row-901658147\">\n\n\n\t<div id=\"col-1933107552\" class=\"col medium-6 small-12 large-6\"  >\n\t\t\t\t<div class=\"col-inner\"  >\n\t\t\t\n\t\t\t\n\n<p style=\"text-align: center;\"><strong>\n  <span style=\"color: #0f416f;\">Idiomas<\/span>\n  <br>\n<\/strong>franc\u00e9s \/ ingl\u00e9s<\/p>\n<p style=\"text-align: center;\"><strong>\n  <span style=\"color: #0f416f;\">Nacionalidades<\/span>\n  <br>\n<\/strong>Ucrania<\/p>\n<p style=\"text-align: center;\"><strong>\n  <span style=\"color: #0f416f;\">Talla<\/span>\n  <br>\n<\/strong>174 cm \/ 54 kg<\/p>\n<p style=\"text-align: center;\"><strong>\n  <span style=\"color: #0f416f;\">Edad<\/span>\n  <br>\n<\/strong>23 a\u00f1os<\/p>\n\n\t\t<\/div>\n\t\t\t\t\t<\/div>\n\n\t\n\n\t<div id=\"col-317333955\" class=\"col medium-6 small-12 large-6\"  >\n\t\t\t\t<div class=\"col-inner\"  >\n\t\t\t\n\t\t\t\n\n<p style=\"text-align: center;\"><strong>\n  <span style=\"color: #0f416f;\">Estilo de vestir<\/span>\n  <br>\n<\/strong>Delgado y femenino, a veces sexy<\/p>\n<p style=\"text-align: center;\"><strong>\n  <span style=\"color: #0f416f;\">Lencer\u00eda<\/span>\n  <br>\n<\/strong>Maison Close<\/p>\n<p style=\"text-align: center;\"><strong>\n  <span style=\"color: #0f416f;\">Comida y bebida favorita<\/span>\n  <br>\n<\/strong>C\u00f3cteles sin alcohol<\/p>\n<p style=\"text-align: center;\"><strong>\n  <span style=\"color: #0f416f;\">Fragancia favorita<\/span>\n  <br>\n<\/strong>J'adore de Dior<\/p>\n\n\t\t<\/div>\n\t\t\t\t\t<\/div>\n\n\t\n\n<\/div>\n","protected":false},"excerpt":{"rendered":"<p>Conozca a Nikki, una acompa\u00f1ante VIP de clase alta con una belleza misteriosa y fascinante.<\/p>\n<p>Desde el primer momento, quedar\u00e1s hechizado por sus hipn\u00f3ticos ojos marrones y su suave tacto, que te har\u00e1n sentir el \u00fanico hombre del mundo.<\/p>\n","protected":false},"featured_media":30575,"template":"","meta":{"inline_featured_image":false},"product_brand":[],"product_cat":[185,214,213,211],"product_tag":[],"class_list":{"0":"post-31953","1":"product","2":"type-product","3":"status-publish","4":"has-post-thumbnail","6":"product_cat-azafatas","7":"product_cat-celebrar-una-reunion","8":"product_cat-tomarse-un-descanso","9":"product_cat-una-chispa","11":"first","12":"instock","13":"featured","14":"taxable","15":"shipping-taxable","16":"product-type-simple"},"_links":{"self":[{"href":"https:\/\/old.timeforyou.io\/es\/wp-json\/wp\/v2\/product\/31953","targetHints":{"allow":["GET"]}}],"collection":[{"href":"https:\/\/old.timeforyou.io\/es\/wp-json\/wp\/v2\/product"}],"about":[{"href":"https:\/\/old.timeforyou.io\/es\/wp-json\/wp\/v2\/types\/product"}],"wp:featuredmedia":[{"embeddable":true,"href":"https:\/\/old.timeforyou.io\/es\/wp-json\/wp\/v2\/media\/30575"}],"wp:attachment":[{"href":"https:\/\/old.timeforyou.io\/es\/wp-json\/wp\/v2\/media?parent=31953"}],"wp:term":[{"taxonomy":"product_brand","embeddable":true,"href":"https:\/\/old.timeforyou.io\/es\/wp-json\/wp\/v2\/product_brand?post=31953"},{"taxonomy":"product_cat","embeddable":true,"href":"https:\/\/old.timeforyou.io\/es\/wp-json\/wp\/v2\/product_cat?post=31953"},{"taxonomy":"product_tag","embeddable":true,"href":"https:\/\/old.timeforyou.io\/es\/wp-json\/wp\/v2\/product_tag?post=31953"}],"curies":[{"name":"wp","href":"https:\/\/api.w.org\/{rel}","templated":true}]}}