{"id":31960,"date":"2023-05-11T17:17:42","date_gmt":"2023-05-11T15:17:42","guid":{"rendered":"https:\/\/old.timeforyou.io\/galeries-des-charmes\/anet\/"},"modified":"2023-05-15T16:47:06","modified_gmt":"2023-05-15T14:47:06","slug":"anet","status":"publish","type":"product","link":"https:\/\/old.timeforyou.io\/es\/galeries-des-charmes\/anet\/","title":{"rendered":"Anet"},"content":{"rendered":"<p>Anet es mucho m\u00e1s que un acompa\u00f1ante de lujo. Es una promesa de experiencias memorables y momentos intensos de placer. Gracias a su impecable servicio, Anet convierte cada reuni\u00f3n en una aventura \u00fanica, tal y como siempre la ha imaginado. Capaz de variar los placeres, sabe crear tanto momentos \u00edntimos y tranquilos como intensos y apasionados. Su presencia es un regalo en s\u00ed misma, y utiliza con orgullo su talento para ofrecerle una experiencia \u00fanica. Anet es una invitaci\u00f3n a lo inolvidable, una oportunidad para vivir momentos excepcionales. No lo dudes, d\u00e9jate tentar y descubre por ti mismo la magia de Anet.<\/p>\n\t<div id=\"gap-2107430623\" class=\"gap-element clearfix\" style=\"display:block; height:auto;\">\n\t\t\n<style>\n#gap-2107430623 {\n  padding-top: 30px;\n}\n<\/style>\n\t<\/div>\n\t\n\n<div class=\"row\"  id=\"row-862245383\">\n\n\n\t<div id=\"col-1290626896\" class=\"col medium-6 small-12 large-6\"  >\n\t\t\t\t<div class=\"col-inner\"  >\n\t\t\t\n\t\t\t\n\n<p style=\"text-align: center;\"><strong>\n  <span style=\"color: #0f416f;\">Idiomas<\/span>\n  <br>\n<\/strong>franc\u00e9s \/ ingl\u00e9s<\/p>\n<p style=\"text-align: center;\"><strong>\n  <span style=\"color: #0f416f;\">Nacionalidades<\/span>\n  <br>\n<\/strong>Ucrania<\/p>\n<p style=\"text-align: center;\"><strong>\n  <span style=\"color: #0f416f;\">Talla<\/span>\n  <br>\n<\/strong>174 cm \/ 54 kg<\/p>\n<p style=\"text-align: center;\"><strong>\n  <span style=\"color: #0f416f;\">Edad<\/span>\n  <br>\n<\/strong>23 a\u00f1os<\/p>\n\n\t\t<\/div>\n\t\t\t\t\t<\/div>\n\n\t\n\n\t<div id=\"col-1979188937\" class=\"col medium-6 small-12 large-6\"  >\n\t\t\t\t<div class=\"col-inner\"  >\n\t\t\t\n\t\t\t\n\n<p style=\"text-align: center;\"><strong>\n  <span style=\"color: #0f416f;\">Estilo de vestir<\/span>\n  <br>\n<\/strong>Delgado y femenino, a veces sexy<\/p>\n<p style=\"text-align: center;\"><strong>\n  <span style=\"color: #0f416f;\">Lencer\u00eda<\/span>\n  <br>\n<\/strong>Maison Close<\/p>\n<p style=\"text-align: center;\"><strong>\n  <span style=\"color: #0f416f;\">Comida y bebida favorita<\/span>\n  <br>\n<\/strong>C\u00f3cteles sin alcohol<\/p>\n<p style=\"text-align: center;\"><strong>\n  <span style=\"color: #0f416f;\">Fragancia favorita<\/span>\n  <br>\n<\/strong>J'adore de Dior<\/p>\n\n\t\t<\/div>\n\t\t\t\t\t<\/div>\n\n\t\n\n<\/div>\n","protected":false},"excerpt":{"rendered":"<p>Emb\u00e1rquese en una aventura memorable con Anet, viva encarnaci\u00f3n de la alegr\u00eda de vivir. Sensual, animada y divertida, sabe c\u00f3mo convertir cada momento en una celebraci\u00f3n de la vida. Deja que sus deliciosas curvas y su dulce sonrisa derritan tus preocupaciones y prep\u00e1rate para un encuentro embriagador.<\/p>\n","protected":false},"featured_media":30624,"template":"","meta":{"inline_featured_image":false},"product_brand":[],"product_cat":[185,214,213,211],"product_tag":[],"class_list":{"0":"post-31960","1":"product","2":"type-product","3":"status-publish","4":"has-post-thumbnail","6":"product_cat-azafatas","7":"product_cat-celebrar-una-reunion","8":"product_cat-tomarse-un-descanso","9":"product_cat-una-chispa","11":"first","12":"instock","13":"featured","14":"virtual","15":"taxable","16":"product-type-simple"},"_links":{"self":[{"href":"https:\/\/old.timeforyou.io\/es\/wp-json\/wp\/v2\/product\/31960","targetHints":{"allow":["GET"]}}],"collection":[{"href":"https:\/\/old.timeforyou.io\/es\/wp-json\/wp\/v2\/product"}],"about":[{"href":"https:\/\/old.timeforyou.io\/es\/wp-json\/wp\/v2\/types\/product"}],"wp:featuredmedia":[{"embeddable":true,"href":"https:\/\/old.timeforyou.io\/es\/wp-json\/wp\/v2\/media\/30624"}],"wp:attachment":[{"href":"https:\/\/old.timeforyou.io\/es\/wp-json\/wp\/v2\/media?parent=31960"}],"wp:term":[{"taxonomy":"product_brand","embeddable":true,"href":"https:\/\/old.timeforyou.io\/es\/wp-json\/wp\/v2\/product_brand?post=31960"},{"taxonomy":"product_cat","embeddable":true,"href":"https:\/\/old.timeforyou.io\/es\/wp-json\/wp\/v2\/product_cat?post=31960"},{"taxonomy":"product_tag","embeddable":true,"href":"https:\/\/old.timeforyou.io\/es\/wp-json\/wp\/v2\/product_tag?post=31960"}],"curies":[{"name":"wp","href":"https:\/\/api.w.org\/{rel}","templated":true}]}}