{"id":31974,"date":"2023-05-11T18:26:59","date_gmt":"2023-05-11T16:26:59","guid":{"rendered":"https:\/\/old.timeforyou.io\/galeries-des-charmes\/senora-helga\/"},"modified":"2023-05-15T14:27:58","modified_gmt":"2023-05-15T12:27:58","slug":"maitresse-helga","status":"publish","type":"product","link":"https:\/\/old.timeforyou.io\/es\/galeries-des-charmes\/maitresse-helga\/","title":{"rendered":"Se\u00f1ora Helga"},"content":{"rendered":"<p>Soy una ama experimentada y ofrezco una completa lista de servicios de dominaci\u00f3n que te har\u00e1n descubrir nuevas sensaciones. Elige entre una gran variedad de actividades, como adorar mis pies, bondage, fetiches con cigarrillos y mucho m\u00e1s. Tambi\u00e9n soy especialista en humillaci\u00f3n verbal, pero s\u00e9 que algunas personas prefieren un trato m\u00e1s suave. No te preocupes, escucho tus necesidades y me adapto a tus l\u00edmites. Puedes estar seguro de que estar\u00e1s a salvo conmigo y de que vivir\u00e1s una experiencia \u00fanica. Para ponerse en contacto conmigo, le pido que me facilite una breve informaci\u00f3n sobre usted. Si desea reservar una fecha, deber\u00e1 abonar un dep\u00f3sito. D\u00e9jame ofrecerte una experiencia de dominaci\u00f3n inolvidable, en la que te guiar\u00e9 a trav\u00e9s de todos los placeres que desees.<\/p>\n\t<div id=\"gap-141116705\" class=\"gap-element clearfix\" style=\"display:block; height:auto;\">\n\t\t\n<style>\n#gap-141116705 {\n  padding-top: 30px;\n}\n<\/style>\n\t<\/div>\n\t\n\n<div class=\"row\"  id=\"row-1501578724\">\n\n\n\t<div id=\"col-1731076733\" class=\"col medium-6 small-12 large-6\"  >\n\t\t\t\t<div class=\"col-inner\"  >\n\t\t\t\n\t\t\t\n\n<p style=\"text-align: center;\"><strong>\n  <span style=\"color: #0f416f;\">Idiomas<\/span>\n  <br>\n<\/strong>franc\u00e9s \/ ingl\u00e9s<\/p>\n<p style=\"text-align: center;\"><strong>\n  <span style=\"color: #0f416f;\">Nacionalidades<\/span>\n  <br>\n<\/strong>Ucrania<\/p>\n<p style=\"text-align: center;\"><strong>\n  <span style=\"color: #0f416f;\">Talla<\/span>\n  <br>\n<\/strong>174 cm \/ 54 kg<\/p>\n<p style=\"text-align: center;\"><strong>\n  <span style=\"color: #0f416f;\">Edad<\/span>\n  <br>\n<\/strong>23 a\u00f1os<\/p>\n\n\t\t<\/div>\n\t\t\t\t\t<\/div>\n\n\t\n\n\t<div id=\"col-862309724\" class=\"col medium-6 small-12 large-6\"  >\n\t\t\t\t<div class=\"col-inner\"  >\n\t\t\t\n\t\t\t\n\n<p style=\"text-align: center;\"><strong>\n  <span style=\"color: #0f416f;\">Estilo de vestir<\/span>\n  <br>\n<\/strong>Delgado y femenino, a veces sexy<\/p>\n<p style=\"text-align: center;\"><strong>\n  <span style=\"color: #0f416f;\">Lencer\u00eda<\/span>\n  <br>\n<\/strong>Maison Close<\/p>\n<p style=\"text-align: center;\"><strong>\n  <span style=\"color: #0f416f;\">Comida y bebida favorita<\/span>\n  <br>\n<\/strong>C\u00f3cteles sin alcohol<\/p>\n<p style=\"text-align: center;\"><strong>\n  <span style=\"color: #0f416f;\">Fragancia favorita<\/span>\n  <br>\n<\/strong>J'adore de Dior<\/p>\n\n\t\t<\/div>\n\t\t\t\t\t<\/div>\n\n\t\n\n<\/div>\n","protected":false},"excerpt":{"rendered":"<p>Hola, d\u00e9jame ofrecerte una experiencia de dominaci\u00f3n \u00fanica. Soy experta en este campo y te invito a explorar tu lado sumiso con mis m\u00faltiples servicios.<\/p>\n","protected":false},"featured_media":30638,"template":"","meta":{"inline_featured_image":false},"product_brand":[],"product_cat":[185,214,213,211],"product_tag":[],"class_list":{"0":"post-31974","1":"product","2":"type-product","3":"status-publish","4":"has-post-thumbnail","6":"product_cat-azafatas","7":"product_cat-celebrar-una-reunion","8":"product_cat-tomarse-un-descanso","9":"product_cat-una-chispa","11":"first","12":"instock","13":"featured","14":"virtual","15":"taxable","16":"product-type-simple"},"_links":{"self":[{"href":"https:\/\/old.timeforyou.io\/es\/wp-json\/wp\/v2\/product\/31974","targetHints":{"allow":["GET"]}}],"collection":[{"href":"https:\/\/old.timeforyou.io\/es\/wp-json\/wp\/v2\/product"}],"about":[{"href":"https:\/\/old.timeforyou.io\/es\/wp-json\/wp\/v2\/types\/product"}],"wp:featuredmedia":[{"embeddable":true,"href":"https:\/\/old.timeforyou.io\/es\/wp-json\/wp\/v2\/media\/30638"}],"wp:attachment":[{"href":"https:\/\/old.timeforyou.io\/es\/wp-json\/wp\/v2\/media?parent=31974"}],"wp:term":[{"taxonomy":"product_brand","embeddable":true,"href":"https:\/\/old.timeforyou.io\/es\/wp-json\/wp\/v2\/product_brand?post=31974"},{"taxonomy":"product_cat","embeddable":true,"href":"https:\/\/old.timeforyou.io\/es\/wp-json\/wp\/v2\/product_cat?post=31974"},{"taxonomy":"product_tag","embeddable":true,"href":"https:\/\/old.timeforyou.io\/es\/wp-json\/wp\/v2\/product_tag?post=31974"}],"curies":[{"name":"wp","href":"https:\/\/api.w.org\/{rel}","templated":true}]}}