{"id":31993,"date":"2023-05-11T15:41:33","date_gmt":"2023-05-11T13:41:33","guid":{"rendered":"https:\/\/old.timeforyou.io\/galeries-des-charmes\/naomi\/"},"modified":"2023-05-11T15:41:33","modified_gmt":"2023-05-11T13:41:33","slug":"naomi","status":"publish","type":"product","link":"https:\/\/old.timeforyou.io\/es\/galeries-des-charmes\/naomi\/","title":{"rendered":"Naomi"},"content":{"rendered":"<p>\u00a1Hola caballeros, soy Naomi, una chica dulce y amable a la que le encanta el sexo y la buena compa\u00f1\u00eda!<\/p>\n<p>Estoy dispuesta a ofrecerte una c\u00e1lida y cari\u00f1osa forma de relajaci\u00f3n, con mis labios, mi lengua, mi boca, mi cuerpo y, por supuesto, mi co\u00f1o&#8230;<\/p>\n<p>\u00a1Hasta pronto, querida!<\/p>\n","protected":false},"excerpt":{"rendered":"<p>Soy experta en sexo oral intenso, pero tambi\u00e9n disfruto con las caricias de tu lengua.<\/p>\n<p>\u00a1Soy la soluci\u00f3n ideal para ofrecerte un verdadero momento de relajaci\u00f3n y placer inolvidable en la cama!<\/p>\n<p>Con mi esbelta figura y mis firmes pechos, te seducir\u00e9 a primera vista.<\/p>\n<p>Mi masaje te har\u00e1 olvidar todo el cansancio, y con mi lengua ardiente te har\u00e9 olvidar la realidad.<\/p>\n<p>Mis habilidades para la felaci\u00f3n son insuperables, y mi dulce boca te proporcionar\u00e1 un placer euf\u00f3rico.<\/p>\n<p>Nuestra relaci\u00f3n sexual estar\u00e1 llena de sorpresas, porque mi imaginaci\u00f3n no tiene l\u00edmites. Le prometo un momento inolvidable.<\/p>\n","protected":false},"featured_media":30484,"template":"","meta":{"inline_featured_image":false},"product_brand":[],"product_cat":[185,214,213,211],"product_tag":[],"class_list":{"0":"post-31993","1":"product","2":"type-product","3":"status-publish","4":"has-post-thumbnail","6":"product_cat-azafatas","7":"product_cat-celebrar-una-reunion","8":"product_cat-tomarse-un-descanso","9":"product_cat-una-chispa","11":"first","12":"instock","13":"featured","14":"virtual","15":"taxable","16":"product-type-simple"},"_links":{"self":[{"href":"https:\/\/old.timeforyou.io\/es\/wp-json\/wp\/v2\/product\/31993","targetHints":{"allow":["GET"]}}],"collection":[{"href":"https:\/\/old.timeforyou.io\/es\/wp-json\/wp\/v2\/product"}],"about":[{"href":"https:\/\/old.timeforyou.io\/es\/wp-json\/wp\/v2\/types\/product"}],"wp:featuredmedia":[{"embeddable":true,"href":"https:\/\/old.timeforyou.io\/es\/wp-json\/wp\/v2\/media\/30484"}],"wp:attachment":[{"href":"https:\/\/old.timeforyou.io\/es\/wp-json\/wp\/v2\/media?parent=31993"}],"wp:term":[{"taxonomy":"product_brand","embeddable":true,"href":"https:\/\/old.timeforyou.io\/es\/wp-json\/wp\/v2\/product_brand?post=31993"},{"taxonomy":"product_cat","embeddable":true,"href":"https:\/\/old.timeforyou.io\/es\/wp-json\/wp\/v2\/product_cat?post=31993"},{"taxonomy":"product_tag","embeddable":true,"href":"https:\/\/old.timeforyou.io\/es\/wp-json\/wp\/v2\/product_tag?post=31993"}],"curies":[{"name":"wp","href":"https:\/\/api.w.org\/{rel}","templated":true}]}}