{"id":31680,"date":"2022-11-20T01:17:02","date_gmt":"2022-11-20T00:17:02","guid":{"rendered":"https:\/\/old.timeforyou.io\/galeries-des-charmes\/provate-lesperienza-di-un-appuntamento-erotico-a-zurigo-con-la-nostra-giovane-escort-svizzera-carolina\/"},"modified":"2023-05-16T17:46:29","modified_gmt":"2023-05-16T15:46:29","slug":"accompagnatori","status":"publish","type":"product","link":"https:\/\/old.timeforyou.io\/it\/galeries-des-charmes\/accompagnatori\/","title":{"rendered":"Provate l&#8217;esperienza di un appuntamento erotico a Zurigo con la nostra giovane escort svizzera Carolina"},"content":{"rendered":"<p>La signora Carolina di Joy Escort Z\u00fcrich, accompagnatrice di alta classe, ha un atteggiamento giovane e fresco. \u00c8 molto avventurosa e intraprendente. Con Carolina, si pu\u00f2 avere una giornata intensa. Che ne dite di un giro di shopping o di una passeggiata? La nostra escort VIP Carolina \u00e8 pronta per qualsiasi attivit\u00e0.<br \/>\nAnche quando si tratta di divertimento, Carolina di Zurigo sa esattamente cosa fare. Potete comunque godervi una cena deliziosa con questo epicureo e farvi un regalo. \u00c8 sempre disponibile anche per un delizioso cocktail. Se siete alla ricerca di un contatto sensuale e di ore di passione, la escort Lady Carolina di Zurigo \u00e8 la compagna ideale.<br \/>\nLasciatevi andare e abbandonatevi al gioco erotico. La nostra escort di prima classe Carolina vi vizier\u00e0 nel miglior modo possibile. Vi piace essere attivi e dominanti? Cos\u00ec Carolina assume il suo ruolo e ti lascia le redini. Non importa quali siano le fantasie che avete sempre desiderato realizzare: con Carolina di Joy Escort Zurich, sarete certi di provare l&#8217;estasi pura.<\/p>\n","protected":false},"excerpt":{"rendered":"<p>La signora Carolina di Joy Escort Z\u00fcrich, accompagnatrice di alta classe, ha un atteggiamento giovane e fresco. \u00c8 molto avventurosa e intraprendente. Con Carolina, si pu\u00f2 avere una giornata intensa. Che ne dite di un giro di shopping o di una passeggiata? La nostra escort VIP Carolina \u00e8 pronta per qualsiasi attivit\u00e0.<\/p>\n","protected":false},"featured_media":29712,"template":"","meta":{"inline_featured_image":false},"product_brand":[],"product_cat":[193],"product_tag":[194],"class_list":{"0":"post-31680","1":"product","2":"type-product","3":"status-publish","4":"has-post-thumbnail","6":"product_cat-hostess","7":"product_tag-disponibile-a-losanna","9":"first","10":"instock","11":"featured","12":"taxable","13":"shipping-taxable","14":"product-type-external"},"_links":{"self":[{"href":"https:\/\/old.timeforyou.io\/it\/wp-json\/wp\/v2\/product\/31680","targetHints":{"allow":["GET"]}}],"collection":[{"href":"https:\/\/old.timeforyou.io\/it\/wp-json\/wp\/v2\/product"}],"about":[{"href":"https:\/\/old.timeforyou.io\/it\/wp-json\/wp\/v2\/types\/product"}],"wp:featuredmedia":[{"embeddable":true,"href":"https:\/\/old.timeforyou.io\/it\/wp-json\/wp\/v2\/media\/29712"}],"wp:attachment":[{"href":"https:\/\/old.timeforyou.io\/it\/wp-json\/wp\/v2\/media?parent=31680"}],"wp:term":[{"taxonomy":"product_brand","embeddable":true,"href":"https:\/\/old.timeforyou.io\/it\/wp-json\/wp\/v2\/product_brand?post=31680"},{"taxonomy":"product_cat","embeddable":true,"href":"https:\/\/old.timeforyou.io\/it\/wp-json\/wp\/v2\/product_cat?post=31680"},{"taxonomy":"product_tag","embeddable":true,"href":"https:\/\/old.timeforyou.io\/it\/wp-json\/wp\/v2\/product_tag?post=31680"}],"curies":[{"name":"wp","href":"https:\/\/api.w.org\/{rel}","templated":true}]}}