{"id":31815,"date":"2023-05-11T19:15:04","date_gmt":"2023-05-11T17:15:04","guid":{"rendered":"https:\/\/old.timeforyou.io\/galeries-des-charmes\/emanuela\/"},"modified":"2023-05-15T14:15:26","modified_gmt":"2023-05-15T12:15:26","slug":"emanuela","status":"publish","type":"product","link":"https:\/\/old.timeforyou.io\/it\/galeries-des-charmes\/emanuela\/","title":{"rendered":"Emanuela"},"content":{"rendered":"<p>Cari signori, vi presento Emanuela, la modella escort del nostro profilo VIP.<\/p>\n<p>\u00c8 disponibile solo nei luoghi pi\u00f9 lussuosi: hotel a cinque stelle, residenze prestigiose, bar alla moda e ristoranti raffinati.<\/p>\n<p>Non perdete tempo, controllate le tariffe prima di contattarla e assicuratevi di potervi permettere questa esperienza unica. Non cerchiamo la quantit\u00e0 ma la qualit\u00e0, incontriamo solo gentiluomini potenti e di successo.<\/p>\n<p>Qui non c&#8217;\u00e8 posto per i piccoli giocatori! Emanuela \u00e8 una ragazza di alto livello che offre un&#8217;indimenticabile esperienza da fidanzata (GFE). \u00c8 anche l&#8217;anima della festa, sempre pronta a divertirsi.<\/p>\n<p>\u00c8 sportiva e attiva, va regolarmente in palestra e ama le lunghe passeggiate nei parchi.<\/p>\n<p>\u00c8 anche appassionata di cinema e letteratura. Nel tempo libero, si dedica alla pittura o alla scoperta di nuove specialit\u00e0 culinarie.<\/p>\n<p>Incontrare Emanuela \u00e8 un&#8217;esperienza indimenticabile che vi dar\u00e0 un vero piacere. Fissate un appuntamento con almeno 3-5 ore di anticipo inviando un messaggio su WhatsApp con una breve presentazione di voi stessi. XXX<\/p>\n\t<div id=\"gap-1253888455\" class=\"gap-element clearfix\" style=\"display:block; height:auto;\">\n\t\t\n<style>\n#gap-1253888455 {\n  padding-top: 30px;\n}\n<\/style>\n\t<\/div>\n\t\n\n<div class=\"row\"  id=\"row-87020161\">\n\n\n\t<div id=\"col-1443595937\" class=\"col medium-6 small-12 large-6\"  >\n\t\t\t\t<div class=\"col-inner\"  >\n\t\t\t\n\t\t\t\n\n<p style=\"text-align: center;\"><strong>\n  <span style=\"color: #0f416f;\">Lingue<\/span>\n  <br>\n<\/strong>Francese \/ Inglese<\/p>\n<p style=\"text-align: center;\"><strong>\n  <span style=\"color: #0f416f;\">Nazionalit\u00e0<\/span>\n  <br>\n<\/strong>Ucraina<\/p>\n<p style=\"text-align: center;\"><strong>\n  <span style=\"color: #0f416f;\">Dimensioni<\/span>\n  <br>\n<\/strong>174 cm \/ 54 kg<\/p>\n<p style=\"text-align: center;\"><strong>\n  <span style=\"color: #0f416f;\">Et\u00e0<\/span>\n  <br>\n<\/strong>23 anni<\/p>\n\n\t\t<\/div>\n\t\t\t\t\t<\/div>\n\n\t\n\n\t<div id=\"col-1080202509\" class=\"col medium-6 small-12 large-6\"  >\n\t\t\t\t<div class=\"col-inner\"  >\n\t\t\t\n\t\t\t\n\n<p style=\"text-align: center;\"><strong>\n  <span style=\"color: #0f416f;\">Stile dell'abito<\/span>\n  <br>\n<\/strong>Sottile e femminile, a volte sexy<\/p>\n<p style=\"text-align: center;\"><strong>\n  <span style=\"color: #0f416f;\">Lingerie<\/span>\n  <br>\n<\/strong>Maison Close<\/p>\n<p style=\"text-align: center;\"><strong>\n  <span style=\"color: #0f416f;\">Cibo e bevande preferiti<\/span>\n  <br>\n<\/strong>Cocktail analcolici<\/p>\n<p style=\"text-align: center;\"><strong>\n  <span style=\"color: #0f416f;\">Profumo preferito<\/span>\n  <br>\n<\/strong>J'adore di Dior<\/p>\n\n\t\t<\/div>\n\t\t\t\t\t<\/div>\n\n\t\n\n<\/div>\n","protected":false},"excerpt":{"rendered":"<p>Caro amico, lascia che ti confidi i miei desideri pi\u00f9 intimi: sono una giovane donna appassionata che aspira a soddisfare tutti i tuoi desideri e a offrirti il pi\u00f9 grande dei piaceri.<\/p>\n<p>Sono pronta a fare di tutto per rendere il nostro tempo insieme intenso e indimenticabile.<\/p>\n","protected":false},"featured_media":30587,"template":"","meta":{"inline_featured_image":false},"product_brand":[],"product_cat":[193,206,205,203],"product_tag":[],"class_list":{"0":"post-31815","1":"product","2":"type-product","3":"status-publish","4":"has-post-thumbnail","6":"product_cat-hostess","7":"product_cat-organizzare-una-riunione","8":"product_cat-prendersi-una-pausa","9":"product_cat-una-scintilla","11":"first","12":"instock","13":"featured","14":"taxable","15":"shipping-taxable","16":"product-type-simple"},"_links":{"self":[{"href":"https:\/\/old.timeforyou.io\/it\/wp-json\/wp\/v2\/product\/31815","targetHints":{"allow":["GET"]}}],"collection":[{"href":"https:\/\/old.timeforyou.io\/it\/wp-json\/wp\/v2\/product"}],"about":[{"href":"https:\/\/old.timeforyou.io\/it\/wp-json\/wp\/v2\/types\/product"}],"wp:featuredmedia":[{"embeddable":true,"href":"https:\/\/old.timeforyou.io\/it\/wp-json\/wp\/v2\/media\/30587"}],"wp:attachment":[{"href":"https:\/\/old.timeforyou.io\/it\/wp-json\/wp\/v2\/media?parent=31815"}],"wp:term":[{"taxonomy":"product_brand","embeddable":true,"href":"https:\/\/old.timeforyou.io\/it\/wp-json\/wp\/v2\/product_brand?post=31815"},{"taxonomy":"product_cat","embeddable":true,"href":"https:\/\/old.timeforyou.io\/it\/wp-json\/wp\/v2\/product_cat?post=31815"},{"taxonomy":"product_tag","embeddable":true,"href":"https:\/\/old.timeforyou.io\/it\/wp-json\/wp\/v2\/product_tag?post=31815"}],"curies":[{"name":"wp","href":"https:\/\/api.w.org\/{rel}","templated":true}]}}