{"id":31901,"date":"2023-05-11T18:52:31","date_gmt":"2023-05-11T16:52:31","guid":{"rendered":"https:\/\/old.timeforyou.io\/galeries-des-charmes\/nikki\/"},"modified":"2023-05-16T01:00:05","modified_gmt":"2023-05-15T23:00:05","slug":"nikki","status":"publish","type":"product","link":"https:\/\/old.timeforyou.io\/it\/galeries-des-charmes\/nikki\/","title":{"rendered":"Nikki"},"content":{"rendered":"<p>Nikki \u00e8 una vera artista nell&#8217;arte della seduzione e far\u00e0 in modo che possiate passare dei momenti indimenticabili con lei. Vi porter\u00e0 in luoghi mai visitati prima e vi far\u00e0 conoscere nuove esperienze senza mai farvi sentire a disagio. Questa bellezza naturale offre un&#8217;esperienza da fidanzata che vi trasporter\u00e0 oltre i vostri sogni pi\u00f9 sfrenati. Lasciatevi sedurre dal suo fascino e innamoratevi di questa dea sensuale che vi far\u00e0 scoprire nuove sensazioni ed emozioni.<\/p>\n\t<div id=\"gap-1223933534\" class=\"gap-element clearfix\" style=\"display:block; height:auto;\">\n\t\t\n<style>\n#gap-1223933534 {\n  padding-top: 30px;\n}\n<\/style>\n\t<\/div>\n\t\n\n<div class=\"row\"  id=\"row-472211304\">\n\n\n\t<div id=\"col-2134842024\" class=\"col medium-6 small-12 large-6\"  >\n\t\t\t\t<div class=\"col-inner\"  >\n\t\t\t\n\t\t\t\n\n<p style=\"text-align: center;\"><strong>\n  <span style=\"color: #0f416f;\">Lingue<\/span>\n  <br>\n<\/strong>Francese \/ Inglese<\/p>\n<p style=\"text-align: center;\"><strong>\n  <span style=\"color: #0f416f;\">Nazionalit\u00e0<\/span>\n  <br>\n<\/strong>Ucraina<\/p>\n<p style=\"text-align: center;\"><strong>\n  <span style=\"color: #0f416f;\">Dimensioni<\/span>\n  <br>\n<\/strong>174 cm \/ 54 kg<\/p>\n<p style=\"text-align: center;\"><strong>\n  <span style=\"color: #0f416f;\">Et\u00e0<\/span>\n  <br>\n<\/strong>23 anni<\/p>\n\n\t\t<\/div>\n\t\t\t\t\t<\/div>\n\n\t\n\n\t<div id=\"col-118955121\" class=\"col medium-6 small-12 large-6\"  >\n\t\t\t\t<div class=\"col-inner\"  >\n\t\t\t\n\t\t\t\n\n<p style=\"text-align: center;\"><strong>\n  <span style=\"color: #0f416f;\">Stile dell'abito<\/span>\n  <br>\n<\/strong>Sottile e femminile, a volte sexy<\/p>\n<p style=\"text-align: center;\"><strong>\n  <span style=\"color: #0f416f;\">Lingerie<\/span>\n  <br>\n<\/strong>Maison Close<\/p>\n<p style=\"text-align: center;\"><strong>\n  <span style=\"color: #0f416f;\">Cibo e bevande preferiti<\/span>\n  <br>\n<\/strong>Cocktail analcolici<\/p>\n<p style=\"text-align: center;\"><strong>\n  <span style=\"color: #0f416f;\">Profumo preferito<\/span>\n  <br>\n<\/strong>J'adore di Dior<\/p>\n\n\t\t<\/div>\n\t\t\t\t\t<\/div>\n\n\t\n\n<\/div>\n","protected":false},"excerpt":{"rendered":"<p>Vi presentiamo Nikki, una escort VIP di alta classe dalla bellezza misteriosa e affascinante.<\/p>\n<p>Fin dal primo momento, sarete stregati dai suoi ipnotici occhi marroni e dal suo tocco morbido che vi far\u00e0 sentire l&#8217;unico uomo al mondo.<\/p>\n","protected":false},"featured_media":30573,"template":"","meta":{"inline_featured_image":false},"product_brand":[],"product_cat":[193,206,205,203],"product_tag":[],"class_list":{"0":"post-31901","1":"product","2":"type-product","3":"status-publish","4":"has-post-thumbnail","6":"product_cat-hostess","7":"product_cat-organizzare-una-riunione","8":"product_cat-prendersi-una-pausa","9":"product_cat-una-scintilla","11":"first","12":"instock","13":"featured","14":"taxable","15":"shipping-taxable","16":"product-type-simple"},"_links":{"self":[{"href":"https:\/\/old.timeforyou.io\/it\/wp-json\/wp\/v2\/product\/31901","targetHints":{"allow":["GET"]}}],"collection":[{"href":"https:\/\/old.timeforyou.io\/it\/wp-json\/wp\/v2\/product"}],"about":[{"href":"https:\/\/old.timeforyou.io\/it\/wp-json\/wp\/v2\/types\/product"}],"wp:featuredmedia":[{"embeddable":true,"href":"https:\/\/old.timeforyou.io\/it\/wp-json\/wp\/v2\/media\/30573"}],"wp:attachment":[{"href":"https:\/\/old.timeforyou.io\/it\/wp-json\/wp\/v2\/media?parent=31901"}],"wp:term":[{"taxonomy":"product_brand","embeddable":true,"href":"https:\/\/old.timeforyou.io\/it\/wp-json\/wp\/v2\/product_brand?post=31901"},{"taxonomy":"product_cat","embeddable":true,"href":"https:\/\/old.timeforyou.io\/it\/wp-json\/wp\/v2\/product_cat?post=31901"},{"taxonomy":"product_tag","embeddable":true,"href":"https:\/\/old.timeforyou.io\/it\/wp-json\/wp\/v2\/product_tag?post=31901"}],"curies":[{"name":"wp","href":"https:\/\/api.w.org\/{rel}","templated":true}]}}