{"id":31958,"date":"2023-05-11T17:17:42","date_gmt":"2023-05-11T15:17:42","guid":{"rendered":"https:\/\/old.timeforyou.io\/galeries-des-charmes\/anet\/"},"modified":"2023-05-15T16:47:01","modified_gmt":"2023-05-15T14:47:01","slug":"anet","status":"publish","type":"product","link":"https:\/\/old.timeforyou.io\/it\/galeries-des-charmes\/anet\/","title":{"rendered":"Anet"},"content":{"rendered":"<p>Anet \u00e8 molto pi\u00f9 di un semplice compagno di lusso. \u00c8 una promessa di esperienze memorabili e di intensi momenti di piacere. Grazie al suo servizio impeccabile, Anet trasforma ogni incontro in un&#8217;avventura unica, proprio come l&#8217;avete sempre immaginata. Capace di variare i piaceri, sa creare momenti intimi e tranquilli cos\u00ec come intensi e passionali. La sua presenza \u00e8 un dono in s\u00e9, e lei usa con orgoglio il suo talento per offrirvi un&#8217;esperienza unica. Anet \u00e8 un invito all&#8217;indimenticabile, un&#8217;opportunit\u00e0 per vivere momenti eccezionali. Non esitate, lasciatevi tentare e scoprite voi stessi la magia di Anet.<\/p>\n\t<div id=\"gap-376513327\" class=\"gap-element clearfix\" style=\"display:block; height:auto;\">\n\t\t\n<style>\n#gap-376513327 {\n  padding-top: 30px;\n}\n<\/style>\n\t<\/div>\n\t\n\n<div class=\"row\"  id=\"row-280176854\">\n\n\n\t<div id=\"col-1210514876\" class=\"col medium-6 small-12 large-6\"  >\n\t\t\t\t<div class=\"col-inner\"  >\n\t\t\t\n\t\t\t\n\n<p style=\"text-align: center;\"><strong>\n  <span style=\"color: #0f416f;\">Lingue<\/span>\n  <br>\n<\/strong>Francese \/ Inglese<\/p>\n<p style=\"text-align: center;\"><strong>\n  <span style=\"color: #0f416f;\">Nazionalit\u00e0<\/span>\n  <br>\n<\/strong>Ucraina<\/p>\n<p style=\"text-align: center;\"><strong>\n  <span style=\"color: #0f416f;\">Dimensioni<\/span>\n  <br>\n<\/strong>174 cm \/ 54 kg<\/p>\n<p style=\"text-align: center;\"><strong>\n  <span style=\"color: #0f416f;\">Et\u00e0<\/span>\n  <br>\n<\/strong>23 anni<\/p>\n\n\t\t<\/div>\n\t\t\t\t\t<\/div>\n\n\t\n\n\t<div id=\"col-1056811979\" class=\"col medium-6 small-12 large-6\"  >\n\t\t\t\t<div class=\"col-inner\"  >\n\t\t\t\n\t\t\t\n\n<p style=\"text-align: center;\"><strong>\n  <span style=\"color: #0f416f;\">Stile dell'abito<\/span>\n  <br>\n<\/strong>Sottile e femminile, a volte sexy<\/p>\n<p style=\"text-align: center;\"><strong>\n  <span style=\"color: #0f416f;\">Lingerie<\/span>\n  <br>\n<\/strong>Maison Close<\/p>\n<p style=\"text-align: center;\"><strong>\n  <span style=\"color: #0f416f;\">Cibo e bevande preferiti<\/span>\n  <br>\n<\/strong>Cocktail analcolici<\/p>\n<p style=\"text-align: center;\"><strong>\n  <span style=\"color: #0f416f;\">Profumo preferito<\/span>\n  <br>\n<\/strong>J'adore di Dior<\/p>\n\n\t\t<\/div>\n\t\t\t\t\t<\/div>\n\n\t\n\n<\/div>\n","protected":false},"excerpt":{"rendered":"<p>Partite per un&#8217;avventura memorabile con Anet, incarnazione vivente della gioia di vivere. Sensuale, vivace e divertente, sa come trasformare ogni momento in una celebrazione della vita. Lasciate che le sue curve deliziose e il suo dolce sorriso sciolgano le vostre preoccupazioni e preparatevi a un incontro inebriante.<\/p>\n","protected":false},"featured_media":30622,"template":"","meta":{"inline_featured_image":false},"product_brand":[],"product_cat":[193,206,205,203],"product_tag":[],"class_list":{"0":"post-31958","1":"product","2":"type-product","3":"status-publish","4":"has-post-thumbnail","6":"product_cat-hostess","7":"product_cat-organizzare-una-riunione","8":"product_cat-prendersi-una-pausa","9":"product_cat-una-scintilla","11":"first","12":"instock","13":"featured","14":"virtual","15":"taxable","16":"product-type-simple"},"_links":{"self":[{"href":"https:\/\/old.timeforyou.io\/it\/wp-json\/wp\/v2\/product\/31958","targetHints":{"allow":["GET"]}}],"collection":[{"href":"https:\/\/old.timeforyou.io\/it\/wp-json\/wp\/v2\/product"}],"about":[{"href":"https:\/\/old.timeforyou.io\/it\/wp-json\/wp\/v2\/types\/product"}],"wp:featuredmedia":[{"embeddable":true,"href":"https:\/\/old.timeforyou.io\/it\/wp-json\/wp\/v2\/media\/30622"}],"wp:attachment":[{"href":"https:\/\/old.timeforyou.io\/it\/wp-json\/wp\/v2\/media?parent=31958"}],"wp:term":[{"taxonomy":"product_brand","embeddable":true,"href":"https:\/\/old.timeforyou.io\/it\/wp-json\/wp\/v2\/product_brand?post=31958"},{"taxonomy":"product_cat","embeddable":true,"href":"https:\/\/old.timeforyou.io\/it\/wp-json\/wp\/v2\/product_cat?post=31958"},{"taxonomy":"product_tag","embeddable":true,"href":"https:\/\/old.timeforyou.io\/it\/wp-json\/wp\/v2\/product_tag?post=31958"}],"curies":[{"name":"wp","href":"https:\/\/api.w.org\/{rel}","templated":true}]}}