{"id":31970,"date":"2023-05-11T18:37:04","date_gmt":"2023-05-11T16:37:04","guid":{"rendered":"https:\/\/old.timeforyou.io\/galeries-des-charmes\/antonella\/"},"modified":"2023-05-15T14:26:08","modified_gmt":"2023-05-15T12:26:08","slug":"antonella","status":"publish","type":"product","link":"https:\/\/old.timeforyou.io\/it\/galeries-des-charmes\/antonella\/","title":{"rendered":"Antonella"},"content":{"rendered":"<p>Il mio corpo snello da modella, i miei capelli neri e i miei classici tratti mediterranei potrebbero aver attirato la vostra attenzione. Ma lasciatemi dire che sono molto pi\u00f9 di una semplice apparizione. Sono una donna che ama esplorare il mondo e le sue diverse culture. Mi sento a mio agio sia con le scarpe da ginnastica che con i tacchi alti e sono appassionata di sviluppo personale e spirituale. Scelgo con cura i miei corteggiatori, per offrire un&#8217;esperienza che sia pi\u00f9 di un semplice appuntamento. Sono un&#8217;accompagnatrice elegante che pu\u00f2 accompagnarvi in ogni occasione, sia per una serata intima che per una gita culturale. La mia sede \u00e8 a Madrid, ma sarei felice di raggiungervi nella citt\u00e0 di vostra scelta. Nella mia compagnia troverete uno spazio accogliente e una consapevolezza di mente, spirito e corpo. Se desiderate contattarmi, vi prego di fornire brevi informazioni su di voi. Per prenotare una data \u00e8 necessario versare una caparra. Non vedo l&#8217;ora di conoscervi!<\/p>\n\t<div id=\"gap-693661954\" class=\"gap-element clearfix\" style=\"display:block; height:auto;\">\n\t\t\n<style>\n#gap-693661954 {\n  padding-top: 30px;\n}\n<\/style>\n\t<\/div>\n\t\n\n<div class=\"row\"  id=\"row-790637204\">\n\n\n\t<div id=\"col-1165109782\" class=\"col medium-6 small-12 large-6\"  >\n\t\t\t\t<div class=\"col-inner\"  >\n\t\t\t\n\t\t\t\n\n<p style=\"text-align: center;\"><strong>\n  <span style=\"color: #0f416f;\">Lingue<\/span>\n  <br>\n<\/strong>Francese \/ Inglese<\/p>\n<p style=\"text-align: center;\"><strong>\n  <span style=\"color: #0f416f;\">Nazionalit\u00e0<\/span>\n  <br>\n<\/strong>Ucraina<\/p>\n<p style=\"text-align: center;\"><strong>\n  <span style=\"color: #0f416f;\">Dimensioni<\/span>\n  <br>\n<\/strong>174 cm \/ 54 kg<\/p>\n<p style=\"text-align: center;\"><strong>\n  <span style=\"color: #0f416f;\">Et\u00e0<\/span>\n  <br>\n<\/strong>23 anni<\/p>\n\n\t\t<\/div>\n\t\t\t\t\t<\/div>\n\n\t\n\n\t<div id=\"col-1390042938\" class=\"col medium-6 small-12 large-6\"  >\n\t\t\t\t<div class=\"col-inner\"  >\n\t\t\t\n\t\t\t\n\n<p style=\"text-align: center;\"><strong>\n  <span style=\"color: #0f416f;\">Stile dell'abito<\/span>\n  <br>\n<\/strong>Sottile e femminile, a volte sexy<\/p>\n<p style=\"text-align: center;\"><strong>\n  <span style=\"color: #0f416f;\">Lingerie<\/span>\n  <br>\n<\/strong>Maison Close<\/p>\n<p style=\"text-align: center;\"><strong>\n  <span style=\"color: #0f416f;\">Cibo e bevande preferiti<\/span>\n  <br>\n<\/strong>Cocktail analcolici<\/p>\n<p style=\"text-align: center;\"><strong>\n  <span style=\"color: #0f416f;\">Profumo preferito<\/span>\n  <br>\n<\/strong>J'adore di Dior<\/p>\n\n\t\t<\/div>\n\t\t\t\t\t<\/div>\n\n\t\n\n<\/div>\n","protected":false},"excerpt":{"rendered":"<p>Salve, sono Antonella ed \u00e8 un piacere conoscerla. Se siete alla ricerca di una donna unica, sofisticata e colta, siete nel posto giusto.<\/p>\n","protected":false},"featured_media":30440,"template":"","meta":{"inline_featured_image":false},"product_brand":[],"product_cat":[193,206,205,203],"product_tag":[],"class_list":{"0":"post-31970","1":"product","2":"type-product","3":"status-publish","4":"has-post-thumbnail","6":"product_cat-hostess","7":"product_cat-organizzare-una-riunione","8":"product_cat-prendersi-una-pausa","9":"product_cat-una-scintilla","11":"first","12":"instock","13":"featured","14":"virtual","15":"taxable","16":"product-type-simple"},"_links":{"self":[{"href":"https:\/\/old.timeforyou.io\/it\/wp-json\/wp\/v2\/product\/31970","targetHints":{"allow":["GET"]}}],"collection":[{"href":"https:\/\/old.timeforyou.io\/it\/wp-json\/wp\/v2\/product"}],"about":[{"href":"https:\/\/old.timeforyou.io\/it\/wp-json\/wp\/v2\/types\/product"}],"wp:featuredmedia":[{"embeddable":true,"href":"https:\/\/old.timeforyou.io\/it\/wp-json\/wp\/v2\/media\/30440"}],"wp:attachment":[{"href":"https:\/\/old.timeforyou.io\/it\/wp-json\/wp\/v2\/media?parent=31970"}],"wp:term":[{"taxonomy":"product_brand","embeddable":true,"href":"https:\/\/old.timeforyou.io\/it\/wp-json\/wp\/v2\/product_brand?post=31970"},{"taxonomy":"product_cat","embeddable":true,"href":"https:\/\/old.timeforyou.io\/it\/wp-json\/wp\/v2\/product_cat?post=31970"},{"taxonomy":"product_tag","embeddable":true,"href":"https:\/\/old.timeforyou.io\/it\/wp-json\/wp\/v2\/product_tag?post=31970"}],"curies":[{"name":"wp","href":"https:\/\/api.w.org\/{rel}","templated":true}]}}